{"id":1607,"date":"2021-05-30T14:08:16","date_gmt":"2021-05-30T14:08:16","guid":{"rendered":"https:\/\/clinic.wordifysites.com\/?page_id=3"},"modified":"2023-04-10T18:33:41","modified_gmt":"2023-04-10T18:33:41","slug":"aviso-legal","status":"publish","type":"page","link":"https:\/\/doctor24arenalmallorca.com\/es\/aviso-legal\/","title":{"rendered":"Aviso legal"},"content":{"rendered":"<div class=\"gb-container gb-container-be246cb2\"><div class=\"gb-inside-container\">\n\n<h2 class=\"wp-block-heading\"><strong>1. Aviso Legal y T\u00e9rminos de Uso&nbsp;<\/strong><\/h2>\n\n\n\n<h3 class=\"wp-block-heading\"><strong>1.1. Datos identificativos del responsable Denominaci\u00f3n social es:&nbsp;<\/strong><\/h3>\n\n\n\n<p>&#8211; <strong>\u201cDOCTOR 24 HOURS ARENAL MALLORCA, S.L.P.\u201d<\/strong>, (En adelante EL CENTRO M\u00c9DICO)<br>&#8211; <strong>CIF<\/strong> es B44827368<br>&#8211; <strong>Domicilio social<\/strong> se encuentra en Carrer Salut, 32, 07600 Llucmajor, Illes Balears.<br>&#8211; <strong>Email:<\/strong> <a href=\"mailto:info@doctor24arenalmallorca.com\" target=\"_blank\" rel=\"noreferrer noopener nofollow\">info@doctor24arenalmallorca.com<\/a>\u00a0<\/p>\n\n\n\n<h3 class=\"wp-block-heading\"><strong>1.2. Finalidad de la p\u00e1gina web&nbsp;<\/strong><\/h3>\n\n\n\n<p>Los servicios prestados por el responsable de la p\u00e1gina web son los siguientes:<\/p>\n\n\n\n<p>&#8211; Gesti\u00f3n, estudio y resoluci\u00f3n de consultas efectuadas a trav\u00e9s de la web<br>&#8211; Mostrar informaci\u00f3n de los servicios prestados, as\u00ed como gestionar citas previas.&nbsp;<\/p>\n\n\n\n<p>Tal y como se recoge en la normativa, se informa al USUARIO que, a trav\u00e9s de los formularios de contacto, o suscripciones se recaban datos, los cuales se almacenan en un fichero, con la exclusiva finalidad de env\u00edo de comunicaciones electr\u00f3nicas, tales como: boletines (newsletters), nuevas entradas (posts), ofertas comerciales, webinars gratuitos, as\u00ed como otras comunicaciones que EL CENTRO M\u00c9DICO entiende interesantes para sus USUARIOS. Los campos marcados como de cumplimentaci\u00f3n obligatoria son imprescindibles para realizar la finalidad expresada.&nbsp;<\/p>\n\n\n\n<p>Asimismo, podr\u00e1 dar cumplimiento mediante los datos, a los requerimientos solicitados por los USUARIOS.&nbsp;<\/p>\n\n\n\n<p>FINALIDAD: Este sitio web <a href=\"https:\/\/doctor24arenalmallorca.com\/\" target=\"_blank\" rel=\"noreferrer noopener nofollow\">https:\/\/doctor24arenalmallorca.com\/<\/a> ofrece informaci\u00f3n de los servicios m\u00e9dicos cl\u00ednicos que ofrece el Centro M\u00e9dico Doctor 24 Hours Arenal Mallorca. As\u00ed mismo, ofrece la posibilidad de contactar online para solicitar una cita m\u00e9dica. Los datos personales que nos proporcione se tratar\u00e1n con la finalidad de gestionar su cita m\u00e9dica, as\u00ed como para enviarle informaci\u00f3n relevante sobre su salud, nuestros servicios m\u00e9dicos y otras comunicaciones relacionadas con el centro m\u00e9dico. Asimismo, podr\u00e1n ser utilizados para fines estad\u00edsticos y de mejora de los servicios que ofrecemos.<\/p>\n\n\n\n<h3 class=\"wp-block-heading\"><strong>1.3. Usuarios&nbsp;<\/strong><\/h3>\n\n\n\n<p>El acceso y\/o uso de este sitio web atribuye la condici\u00f3n de USUARIO, que acepta, desde dicho acceso y\/o uso, los presentes t\u00e9rminos de uso, no obstante, el mero uso de la p\u00e1gina web no significa el inicio de relaci\u00f3n laboral\/comercial alguna.&nbsp;<\/p>\n\n\n\n<h3 class=\"wp-block-heading\"><strong>1.4. Uso del sitio web y captura de informaci\u00f3n:&nbsp;<\/strong><\/h3>\n\n\n\n<h4 class=\"wp-block-heading\"><strong>1.4.1 Uso del sitio web&nbsp;<\/strong><\/h4>\n\n\n\n<p>La p\u00e1gina web <a href=\"https:\/\/doctor24arenalmallorca.com\/\" target=\"_blank\" rel=\"noreferrer noopener nofollow\">https:\/\/doctor24arenalmallorca.com\/<\/a> (en adelante \u201cLA WEB\u201d) proporciona el acceso a art\u00edculos, informaciones, servicios y datos (en adelante, \u201cLOS CONTENIDOS\u201d) propiedad de DOCTOR 24 HOURS ARENAL MALLORCA SLP (en adelante, \u201cEL CENTRO M\u00c9DICO\u201d), as\u00ed como acceso a landing pages propias y de terceros.&nbsp;<\/p>\n\n\n\n<p>El USUARIO asume la responsabilidad del uso de la web.&nbsp;<\/p>\n\n\n\n<p>El USUARIO se compromete a hacer un uso adecuado de LOS CONTENIDOS que ofrece a trav\u00e9s de su web y con car\u00e1cter enunciativo, pero no limitativo, a no emplearlos para:&nbsp;<\/p>\n\n\n\n<p><strong>(a)<\/strong> incurrir en actividades il\u00edcitas, ilegales o contrarias a la buena fe y al orden p\u00fablico;&nbsp;<\/p>\n\n\n\n<p><strong>(b)<\/strong> difundir contenidos o propaganda de car\u00e1cter racista, xen\u00f3fobo, pornogr\u00e1fico-ilegal, de apolog\u00eda del terrorismo o atentatorio contra los derechos humanos;&nbsp;<\/p>\n\n\n\n<p><strong>(c)<\/strong> provocar da\u00f1os en los sistemas f\u00edsicos y l\u00f3gicos de la web, de sus proveedores o de terceras personas, introducir o difundir en la red virus inform\u00e1ticos o cualesquiera otros sistemas f\u00edsicos o l\u00f3gicos que sean susceptibles de provocar los da\u00f1os anteriormente mencionados;&nbsp;<\/p>\n\n\n\n<p><strong>(d)<\/strong> intentar acceder y, en su caso, utilizar las cuentas de correo electr\u00f3nico de otros usuarios y modificar o manipular sus mensajes.&nbsp;<\/p>\n\n\n\n<p>EL CENTRO M\u00c9DICO se reserva el derecho de retirar todos aquellos comentarios y aportaciones que vulneren el respeto a la dignidad de la persona, que sean discriminatorios, xen\u00f3fobos, racistas, pornogr\u00e1ficos, que atenten contra la juventud o la infancia, el orden o la seguridad p\u00fablica o que, a su juicio, no resultaran adecuados para su publicaci\u00f3n.&nbsp;<\/p>\n\n\n\n<p>En cualquier caso, EL CENTRO M\u00c9DICO no ser\u00e1 responsable de las opiniones vertidas por los usuarios a trav\u00e9s del blog, la web u otras herramientas de participaci\u00f3n que puedan crearse, conforme a lo previsto en la normativa de aplicaci\u00f3n.&nbsp;<\/p>\n\n\n\n<h4 class=\"wp-block-heading\"><strong>1.4.2 Captura de informaci\u00f3n&nbsp;<\/strong><\/h4>\n\n\n\n<p>&#8211; Formulario de contacto, donde el USUARIO deber\u00e1 rellenar el campo de correo electr\u00f3nico, asunto y nombre.&nbsp;<\/p>\n\n\n\n<p>&#8211; Formulario de suscripci\u00f3n, rellenando el USUARIO los campos necesarios para la suscripci\u00f3n a la web con los campos de nombre y email&nbsp;<\/p>\n\n\n\n<p>&#8211; Cookies de rastreo, conforme a las reglas expl\u00edcitas en nuestra pol\u00edtica de cookies.<\/p>\n\n\n\n<p>&#8211; Navegaci\u00f3n y Direcci\u00f3n IP: Al navegar por esta web, el usuario facilita de forma autom\u00e1tica al servidor de la web informaci\u00f3n relativa a su direcci\u00f3n IP, fecha y hora de acceso, el hiperv\u00ednculo que le ha reenviado a \u00e9stas, su sistema operativo y el navegador utilizado.&nbsp;<\/p>\n\n\n\n<p>A pesar de lo anterior, los usuarios podr\u00e1n darse de baja en cualquier momento de los servicios prestados por EL CENTRO M\u00c9DICO o datos aportados por el USUARIO dando cumplimiento a la normativa vigente sobre Protecci\u00f3n de Datos. Asimismo, tanto al suscribirse a esta p\u00e1gina web como al realizar alg\u00fan comentario en cualquiera de sus p\u00e1ginas y\/o entradas, el usuario consiente:&nbsp;<\/p>\n\n\n\n<p><strong>1.<\/strong> El tratamiento de sus datos personales en el entorno de WordPress conforme a sus pol\u00edticas de privacidad.&nbsp;<\/p>\n\n\n\n<p><strong>2.<\/strong> El acceso de EL CENTRO M\u00c9DICO a los datos que, de acuerdo con la infraestructura de WordPress, necesite el usuario aportar bien para la suscripci\u00f3n a la web bien para cualquier consulta mediante el formulario de contacto.&nbsp;<\/p>\n\n\n\n<p>Asimismo, informamos que la informaci\u00f3n de nuestros usuarios est\u00e1 protegida de acuerdo a nuestra pol\u00edtica de privacidad.&nbsp;<\/p>\n\n\n\n<p>Al activar una suscripci\u00f3n, formulario de contacto o comentario, el usuario comprende y acepta que:&nbsp;<\/p>\n\n\n\n<p>Desde el momento en que efect\u00faa su suscripci\u00f3n o accede a alg\u00fan servicio de pago, EL CENTRO M\u00c9DICO tiene acceso a:&nbsp;<\/p>\n\n\n\n<p>Nombre y email, o dem\u00e1s datos necesarios conformando un fichero con el nombre de \u201cUSUARIOS DE LA WEB Y SUSCRIPTORES\u201d o en el caso de realizar alguna compra, ser\u00e1 suscrito al fichero de \u201cCLIENTES Y\/O PROVEEDORES\u201d teniendo acceso a datos de nombre, apellidos, email, dni y domicilio completo, as\u00ed como datos completos de facturaci\u00f3n en el caso de requerir factura.&nbsp;<\/p>\n\n\n\n<p>En todo caso EL CENTRO M\u00c9DICO se reserva el derecho de modificar, en cualquier momento y sin necesidad de previo aviso, la presentaci\u00f3n y configuraci\u00f3n de LA WEB, as\u00ed como el presente aviso legal.&nbsp;<\/p>\n\n\n\n<h2 class=\"wp-block-heading\"><strong>2. Propiedad intelectual e industrial&nbsp;<\/strong><\/h2>\n\n\n\n<p>EL CENTRO M\u00c9DICO por s\u00ed o como cesionario, es titular de todos los derechos de propiedad intelectual e industrial de su p\u00e1gina web, as\u00ed como de los elementos contenidos en la misma (a t\u00edtulo enunciativo, im\u00e1genes, sonido, audio, v\u00eddeo, software o textos; marcas o logotipos, combinaciones de colores, estructura y dise\u00f1o, selecci\u00f3n de materiales usados, programas de ordenador necesarios para su funcionamiento, acceso y uso, etc.), titularidad de EL DUE\u00d1O o bien de sus licenciantes. Todos los derechos reservados.&nbsp;<\/p>\n\n\n\n<p>Cualquier uso no autorizado previamente por EL CENTRO M\u00c9DICO ser\u00e1 considerado un incumplimiento grave de los derechos de propiedad intelectual o industrial del autor.&nbsp;<\/p>\n\n\n\n<p>Quedan expresamente prohibidas la reproducci\u00f3n, la distribuci\u00f3n y la comunicaci\u00f3n p\u00fablica, incluida su modalidad de puesta a disposici\u00f3n, de la totalidad o parte de los contenidos de esta<\/p>\n\n\n\n<p>p\u00e1gina web, con fines comerciales, en cualquier soporte y por cualquier medio t\u00e9cnico, sin la autorizaci\u00f3n de EL CENTRO M\u00c9DICO.&nbsp;<\/p>\n\n\n\n<p>El USUARIO se compromete a respetar los derechos de Propiedad Intelectual e Industrial titularidad de EL CENTRO M\u00c9DICO. Podr\u00e1 visualizar \u00fanicamente los elementos de la web sin posibilidad de imprimirlos, copiarlos y\/o almacenarlos en el disco duro de su ordenador o en cualquier otro soporte f\u00edsico. El USUARIO deber\u00e1 abstenerse de suprimir, alterar, eludir o manipular cualquier dispositivo de protecci\u00f3n o sistema de seguridad que estuviera instalado en las p\u00e1ginas de EL CENTRO M\u00c9DICO.&nbsp;<\/p>\n\n\n\n<h2 class=\"wp-block-heading\"><strong>3. Exclusi\u00f3n de garant\u00edas y responsabilidad&nbsp;<\/strong><\/h2>\n\n\n\n<p>EL CENTRO M\u00c9DICO no se hace responsable, en ning\u00fan caso, de los da\u00f1os y perjuicios de cualquier naturaleza que pudieran ocasionar, a t\u00edtulo enunciativo: por errores u omisiones en los contenidos, por falta de disponibilidad del sitio web, \u2013 el cual realizar\u00e1 paradas peri\u00f3dicas por mantenimientos t\u00e9cnicos \u2013 as\u00ed como por la transmisi\u00f3n de virus o programas maliciosos o lesivos en los contenidos, a pesar de haber adoptado todas las medidas tecnol\u00f3gicas necesarias para evitarlo.&nbsp;<\/p>\n\n\n\n<h2 class=\"wp-block-heading\"><strong>4. Modificaciones&nbsp;<\/strong><\/h2>\n\n\n\n<p>EL CENTRO M\u00c9DICO se reserva el derecho de efectuar sin previo aviso las modificaciones que considere oportunas en su web, pudiendo cambiar, suprimir o a\u00f1adir tanto los contenidos y servicios que se presten a trav\u00e9s de la misma como la forma en la que \u00e9stos aparezcan presentados o localizados en su web.&nbsp;<\/p>\n\n\n\n<h2 class=\"wp-block-heading\"><strong>5. Pol\u00edtica de enlaces&nbsp;<\/strong><\/h2>\n\n\n\n<p>Las personas o entidades que pretendan realizar o realicen un hiperenlace desde una p\u00e1gina web de otro portal de Internet a la web de EL CENTRO M\u00c9DICO deber\u00e1n someterse a las siguientes condiciones:&nbsp;<\/p>\n\n\n\n<p>&#8211; No se permite la reproducci\u00f3n total o parcial de ninguno de los servicios ni contenidos del sitio web sin la previa autorizaci\u00f3n expresa de EL CENTRO M\u00c9DICO.&nbsp;<\/p>\n\n\n\n<p>&#8211; No se establecer\u00e1n deep-links ni enlaces IMG o de imagen, ni frames con la web de EL CENTRO M\u00c9DICO sin su previa autorizaci\u00f3n expresa.&nbsp;<\/p>\n\n\n\n<p>&#8211; No se establecer\u00e1 ninguna manifestaci\u00f3n falsa, inexacta o incorrecta sobre la web de EL CENTRO M\u00c9DICO ni sobre los servicios o contenidos de la misma. Salvo aquellos signos que formen parte del hiperv\u00ednculo, la p\u00e1gina web en la que se establezca no contendr\u00e1 ninguna marca, nombre comercial, r\u00f3tulo de establecimiento, denominaci\u00f3n, logotipo, eslogan u otros signos distintivos pertenecientes a EL CENTRO M\u00c9DICO salvo autorizaci\u00f3n expresa de \u00e9ste.&nbsp;<\/p>\n\n\n\n<p>&#8211; El establecimiento del hiperv\u00ednculo no implicar\u00e1 la existencia de relaciones entre EL CENTRO M\u00c9DICO y el titular de la p\u00e1gina web o del portal desde el cual se realice, ni el conocimiento y aceptaci\u00f3n de EL CENTRO M\u00c9DICO de los servicios y contenidos ofrecidos en dicha p\u00e1gina web o portal.<\/p>\n\n\n\n<p>&#8211; EL CENTRO M\u00c9DICO no ser\u00e1 responsable de los contenidos o servicios puestos a disposici\u00f3n del p\u00fablico en la p\u00e1gina web o portal desde el cual se realice el hiperv\u00ednculo, ni de las informaciones y manifestaciones incluidas en los mismos.&nbsp;<\/p>\n\n\n\n<p>El sitio web de EL CENTRO M\u00c9DICO puede poner a disposici\u00f3n del usuario conexiones y enlaces a otros sitios web gestionados y controlados por terceros. Dichos enlaces tienen como exclusiva funci\u00f3n, la de facilitar a los usuarios la b\u00fasqueda de informaci\u00f3n, contenidos y servicios en Internet, sin que en ning\u00fan caso pueda considerarse una sugerencia, recomendaci\u00f3n o invitaci\u00f3n para la visita de los mismos.&nbsp;<\/p>\n\n\n\n<p>EL CENTRO M\u00c9DICO no comercializa, ni dirige, ni controla previamente, ni hace propios los contenidos, servicios, informaciones y manifestaciones disponibles en dichos sitios web.&nbsp;<\/p>\n\n\n\n<p>EL CENTRO M\u00c9DICO no asume ning\u00fan tipo de responsabilidad, ni siquiera de forma indirecta o subsidiaria, por los da\u00f1os y perjuicios de toda clase que pudieran derivarse del acceso, mantenimiento, uso, calidad, licitud, fiabilidad y utilidad de los contenidos, informaciones, comunicaciones, opiniones, manifestaciones, productos y servicios existentes u ofrecidos en los sitios web no gestionados por EL CENTRO M\u00c9DICO y que resulten accesibles a trav\u00e9s de EL CENTRO M\u00c9DICO.&nbsp;<\/p>\n\n\n\n<h2 class=\"wp-block-heading\"><strong>6. Derecho de exclusi\u00f3n&nbsp;<\/strong><\/h2>\n\n\n\n<p>EL CENTRO M\u00c9DICO se reserva el derecho a denegar o retirar el acceso al portal y\/o los servicios ofrecidos sin necesidad de preaviso, a instancia propia o de un tercero, a aquellos usuarios que incumplan las presentes Condiciones Generales de Uso.&nbsp;<\/p>\n\n\n\n<h2 class=\"wp-block-heading\"><strong>7. Generalidades&nbsp;<\/strong><\/h2>\n\n\n\n<p>EL CENTRO M\u00c9DICO perseguir\u00e1 el incumplimiento de las presentes condiciones, as\u00ed como cualquier utilizaci\u00f3n indebida de su web ejerciendo todas las acciones civiles y penales que le puedan corresponder en derecho.&nbsp;<\/p>\n\n\n\n<h2 class=\"wp-block-heading\"><strong>8. Modificaci\u00f3n de las presentes condiciones y duraci\u00f3n&nbsp;<\/strong><\/h2>\n\n\n\n<p>EL CENTRO M\u00c9DICO podr\u00e1 modificar en cualquier momento las condiciones aqu\u00ed determinadas, siendo debidamente publicadas como aqu\u00ed aparecen. La vigencia de las citadas condiciones ir\u00e1 en funci\u00f3n de su exposici\u00f3n y estar\u00e1n vigentes hasta que sean modificadas por otras debidamente publicadas.&nbsp;<\/p>\n\n\n\n<h2 class=\"wp-block-heading\"><strong>9. Reclamaciones y dudas&nbsp;<\/strong><\/h2>\n\n\n\n<p>EL CENTRO M\u00c9DICO informa que existen hojas de reclamaci\u00f3n a disposici\u00f3n de usuarios y clientes pudiendo remitir un correo a <a href=\"mailto:info@doctor24arenalmallorca.com\" target=\"_blank\" rel=\"noreferrer noopener nofollow\">info@doctor24arenalmallorca.com<\/a> indicando su nombre y apellidos, el servicio o producto adquirido y exponiendo los motivos de su reclamaci\u00f3n.&nbsp;<\/p>\n\n\n\n<p>Tambi\u00e9n puede dirigir su reclamaci\u00f3n por correo postal dirigido a:<\/p>\n\n\n\n<p><strong>DOCTOR 24 HOURS ARENAL MALLORCA SLP.<br>Carrer Salut, 32, 07600 Llucmajor, Illes Balears.\u00a0<\/strong><\/p>\n\n\n\n<h2 class=\"wp-block-heading\"><strong>10. Legislaci\u00f3n aplicable y jurisdicci\u00f3n<\/strong><\/h2>\n\n\n\n<p>La relaci\u00f3n entre EL CENTRO M\u00c9DICO y el USUARIO se regir\u00e1 por la normativa espa\u00f1ola vigente y cualquier controversia se someter\u00e1 a los Juzgados y tribunales de la ciudad de Llucmajor, salvo que la Ley aplicable disponga otra cosa.<\/p>\n\n<\/div><\/div>","protected":false},"excerpt":{"rendered":"<p>1. Aviso Legal y T\u00e9rminos de Uso&nbsp; 1.1. Datos identificativos del responsable Denominaci\u00f3n social es:&nbsp; &#8211; \u201cDOCTOR 24 HOURS ARENAL MALLORCA, S.L.P.\u201d, (En adelante EL &#8230; <a title=\"Aviso legal\" class=\"read-more\" href=\"https:\/\/doctor24arenalmallorca.com\/es\/aviso-legal\/\" aria-label=\"M\u00e1s en Aviso legal\">Leer m\u00e1s<\/a><\/p>\n","protected":false},"author":2,"featured_media":0,"parent":0,"menu_order":0,"comment_status":"closed","ping_status":"closed","template":"","meta":{"footnotes":""},"yoast_head":"<!-- This site is optimized with the Yoast SEO plugin v22.3 - https:\/\/yoast.com\/wordpress\/plugins\/seo\/ -->\n<title>Aviso legal - Doctor 24 Hours Arenal Mallorca<\/title>\n<meta name=\"description\" content=\"En Doctor 24 Horas Arenal Mallorca, proporcionamos atenci\u00f3n m\u00e9dica completa 24 horas al d\u00eda, 7 d\u00edas a la semana. Nuestro equipo m\u00e9dico habla ingl\u00e9s con fluidez.\" \/>\n<meta name=\"robots\" content=\"noindex, nofollow\" \/>\n<meta property=\"og:locale\" content=\"es_ES\" \/>\n<meta property=\"og:type\" content=\"article\" \/>\n<meta property=\"og:title\" content=\"Aviso legal - Doctor 24 Hours Arenal Mallorca\" \/>\n<meta property=\"og:description\" content=\"En Doctor 24 Horas Arenal Mallorca, proporcionamos atenci\u00f3n m\u00e9dica completa 24 horas al d\u00eda, 7 d\u00edas a la semana. Nuestro equipo m\u00e9dico habla ingl\u00e9s con fluidez.\" \/>\n<meta property=\"og:url\" content=\"https:\/\/doctor24arenalmallorca.com\/es\/aviso-legal\/\" \/>\n<meta property=\"og:site_name\" content=\"Doctor 24 Hours Arenal Mallorca\" \/>\n<meta property=\"article:modified_time\" content=\"2023-04-10T18:33:41+00:00\" \/>\n<meta name=\"twitter:card\" content=\"summary_large_image\" \/>\n<meta name=\"twitter:label1\" content=\"Tiempo de lectura\" \/>\n\t<meta name=\"twitter:data1\" content=\"10 minutos\" \/>\n<script type=\"application\/ld+json\" class=\"yoast-schema-graph\">{\"@context\":\"https:\/\/schema.org\",\"@graph\":[{\"@type\":\"WebPage\",\"@id\":\"https:\/\/doctor24arenalmallorca.com\/es\/aviso-legal\/\",\"url\":\"https:\/\/doctor24arenalmallorca.com\/es\/aviso-legal\/\",\"name\":\"Aviso legal - Doctor 24 Hours Arenal Mallorca\",\"isPartOf\":{\"@id\":\"https:\/\/doctor24arenalmallorca.com\/es\/#website\"},\"datePublished\":\"2021-05-30T14:08:16+00:00\",\"dateModified\":\"2023-04-10T18:33:41+00:00\",\"description\":\"En Doctor 24 Horas Arenal Mallorca, proporcionamos atenci\u00f3n m\u00e9dica completa 24 horas al d\u00eda, 7 d\u00edas a la semana. Nuestro equipo m\u00e9dico habla ingl\u00e9s con fluidez.\",\"breadcrumb\":{\"@id\":\"https:\/\/doctor24arenalmallorca.com\/es\/aviso-legal\/#breadcrumb\"},\"inLanguage\":\"es\",\"potentialAction\":[{\"@type\":\"ReadAction\",\"target\":[\"https:\/\/doctor24arenalmallorca.com\/es\/aviso-legal\/\"]}]},{\"@type\":\"BreadcrumbList\",\"@id\":\"https:\/\/doctor24arenalmallorca.com\/es\/aviso-legal\/#breadcrumb\",\"itemListElement\":[{\"@type\":\"ListItem\",\"position\":1,\"name\":\"Portada\",\"item\":\"https:\/\/doctor24arenalmallorca.com\/es\/\"},{\"@type\":\"ListItem\",\"position\":2,\"name\":\"Aviso legal\"}]},{\"@type\":\"WebSite\",\"@id\":\"https:\/\/doctor24arenalmallorca.com\/es\/#website\",\"url\":\"https:\/\/doctor24arenalmallorca.com\/es\/\",\"name\":\"Doctor 24 Hours Arenal Mallorca\",\"description\":\"\",\"publisher\":{\"@id\":\"https:\/\/doctor24arenalmallorca.com\/es\/#organization\"},\"potentialAction\":[{\"@type\":\"SearchAction\",\"target\":{\"@type\":\"EntryPoint\",\"urlTemplate\":\"https:\/\/doctor24arenalmallorca.com\/es\/?s={search_term_string}\"},\"query-input\":\"required name=search_term_string\"}],\"inLanguage\":\"es\"},{\"@type\":\"Organization\",\"@id\":\"https:\/\/doctor24arenalmallorca.com\/es\/#organization\",\"name\":\"Doctor 24 Hours Arenal Mallorca\",\"url\":\"https:\/\/doctor24arenalmallorca.com\/es\/\",\"logo\":{\"@type\":\"ImageObject\",\"inLanguage\":\"es\",\"@id\":\"https:\/\/doctor24arenalmallorca.com\/es\/#\/schema\/logo\/image\/\",\"url\":\"https:\/\/doctor24arenalmallorca.com\/es\/wp-content\/uploads\/sites\/2\/2023\/03\/cropped-doctor-24-arenal-mallorca.png\",\"contentUrl\":\"https:\/\/doctor24arenalmallorca.com\/es\/wp-content\/uploads\/sites\/2\/2023\/03\/cropped-doctor-24-arenal-mallorca.png\",\"width\":500,\"height\":276,\"caption\":\"Doctor 24 Hours Arenal Mallorca\"},\"image\":{\"@id\":\"https:\/\/doctor24arenalmallorca.com\/es\/#\/schema\/logo\/image\/\"}}]}<\/script>\n<!-- \/ Yoast SEO plugin. -->","yoast_head_json":{"title":"Aviso legal - Doctor 24 Hours Arenal Mallorca","description":"En Doctor 24 Horas Arenal Mallorca, proporcionamos atenci\u00f3n m\u00e9dica completa 24 horas al d\u00eda, 7 d\u00edas a la semana. Nuestro equipo m\u00e9dico habla ingl\u00e9s con fluidez.","robots":{"index":"noindex","follow":"nofollow"},"og_locale":"es_ES","og_type":"article","og_title":"Aviso legal - Doctor 24 Hours Arenal Mallorca","og_description":"En Doctor 24 Horas Arenal Mallorca, proporcionamos atenci\u00f3n m\u00e9dica completa 24 horas al d\u00eda, 7 d\u00edas a la semana. Nuestro equipo m\u00e9dico habla ingl\u00e9s con fluidez.","og_url":"https:\/\/doctor24arenalmallorca.com\/es\/aviso-legal\/","og_site_name":"Doctor 24 Hours Arenal Mallorca","article_modified_time":"2023-04-10T18:33:41+00:00","twitter_card":"summary_large_image","twitter_misc":{"Tiempo de lectura":"10 minutos"},"schema":{"@context":"https:\/\/schema.org","@graph":[{"@type":"WebPage","@id":"https:\/\/doctor24arenalmallorca.com\/es\/aviso-legal\/","url":"https:\/\/doctor24arenalmallorca.com\/es\/aviso-legal\/","name":"Aviso legal - Doctor 24 Hours Arenal Mallorca","isPartOf":{"@id":"https:\/\/doctor24arenalmallorca.com\/es\/#website"},"datePublished":"2021-05-30T14:08:16+00:00","dateModified":"2023-04-10T18:33:41+00:00","description":"En Doctor 24 Horas Arenal Mallorca, proporcionamos atenci\u00f3n m\u00e9dica completa 24 horas al d\u00eda, 7 d\u00edas a la semana. Nuestro equipo m\u00e9dico habla ingl\u00e9s con fluidez.","breadcrumb":{"@id":"https:\/\/doctor24arenalmallorca.com\/es\/aviso-legal\/#breadcrumb"},"inLanguage":"es","potentialAction":[{"@type":"ReadAction","target":["https:\/\/doctor24arenalmallorca.com\/es\/aviso-legal\/"]}]},{"@type":"BreadcrumbList","@id":"https:\/\/doctor24arenalmallorca.com\/es\/aviso-legal\/#breadcrumb","itemListElement":[{"@type":"ListItem","position":1,"name":"Portada","item":"https:\/\/doctor24arenalmallorca.com\/es\/"},{"@type":"ListItem","position":2,"name":"Aviso legal"}]},{"@type":"WebSite","@id":"https:\/\/doctor24arenalmallorca.com\/es\/#website","url":"https:\/\/doctor24arenalmallorca.com\/es\/","name":"Doctor 24 Hours Arenal Mallorca","description":"","publisher":{"@id":"https:\/\/doctor24arenalmallorca.com\/es\/#organization"},"potentialAction":[{"@type":"SearchAction","target":{"@type":"EntryPoint","urlTemplate":"https:\/\/doctor24arenalmallorca.com\/es\/?s={search_term_string}"},"query-input":"required name=search_term_string"}],"inLanguage":"es"},{"@type":"Organization","@id":"https:\/\/doctor24arenalmallorca.com\/es\/#organization","name":"Doctor 24 Hours Arenal Mallorca","url":"https:\/\/doctor24arenalmallorca.com\/es\/","logo":{"@type":"ImageObject","inLanguage":"es","@id":"https:\/\/doctor24arenalmallorca.com\/es\/#\/schema\/logo\/image\/","url":"https:\/\/doctor24arenalmallorca.com\/es\/wp-content\/uploads\/sites\/2\/2023\/03\/cropped-doctor-24-arenal-mallorca.png","contentUrl":"https:\/\/doctor24arenalmallorca.com\/es\/wp-content\/uploads\/sites\/2\/2023\/03\/cropped-doctor-24-arenal-mallorca.png","width":500,"height":276,"caption":"Doctor 24 Hours Arenal Mallorca"},"image":{"@id":"https:\/\/doctor24arenalmallorca.com\/es\/#\/schema\/logo\/image\/"}}]}},"_links":{"self":[{"href":"https:\/\/doctor24arenalmallorca.com\/es\/wp-json\/wp\/v2\/pages\/1607"}],"collection":[{"href":"https:\/\/doctor24arenalmallorca.com\/es\/wp-json\/wp\/v2\/pages"}],"about":[{"href":"https:\/\/doctor24arenalmallorca.com\/es\/wp-json\/wp\/v2\/types\/page"}],"author":[{"embeddable":true,"href":"https:\/\/doctor24arenalmallorca.com\/es\/wp-json\/wp\/v2\/users\/2"}],"replies":[{"embeddable":true,"href":"https:\/\/doctor24arenalmallorca.com\/es\/wp-json\/wp\/v2\/comments?post=1607"}],"version-history":[{"count":7,"href":"https:\/\/doctor24arenalmallorca.com\/es\/wp-json\/wp\/v2\/pages\/1607\/revisions"}],"predecessor-version":[{"id":1778,"href":"https:\/\/doctor24arenalmallorca.com\/es\/wp-json\/wp\/v2\/pages\/1607\/revisions\/1778"}],"wp:attachment":[{"href":"https:\/\/doctor24arenalmallorca.com\/es\/wp-json\/wp\/v2\/media?parent=1607"}],"curies":[{"name":"wp","href":"https:\/\/api.w.org\/{rel}","templated":true}]}}