{"id":1601,"date":"2022-02-13T18:11:16","date_gmt":"2022-02-13T18:11:16","guid":{"rendered":"https:\/\/clinic.wordifysites.com\/?page_id=53"},"modified":"2023-04-10T19:00:15","modified_gmt":"2023-04-10T19:00:15","slug":"contacto","status":"publish","type":"page","link":"https:\/\/doctor24arenalmallorca.com\/es\/contacto\/","title":{"rendered":"Contacto"},"content":{"rendered":"<div class=\"gb-container gb-container-2f700e7f\"><div class=\"gb-inside-container\">\n<div class=\"gb-grid-wrapper gb-grid-wrapper-75b32420\">\n<div class=\"gb-grid-column gb-grid-column-d5af91d3\"><div class=\"gb-container gb-container-d5af91d3\"><div class=\"gb-inside-container\">\n\n<h5 class=\"gb-headline gb-headline-7fdc32dc gb-headline-text heading-icon-reversed\">Cont\u00e1ctan0s<\/h5>\n\n\n\n<h1 class=\"gb-headline gb-headline-d07c52b5 gb-headline-text\">\u00bfHablamos?<\/h1>\n\n\n\n<p class=\"gb-headline gb-headline-2b6b82fe gb-headline-text\">\u00bfNecesitas ayuda m\u00e9dica durante tus vacaciones en Mallorca? No dudes en contactarnos. Nuestro centro m\u00e9dico 24 horas est\u00e1 disponible para ayudarte con cualquier problema de salud o emergencia m\u00e9dica. Cont\u00e1ctanos a trav\u00e9s de nuestro formulario en l\u00ednea o llama a nuestro n\u00famero de emergencia. Estamos aqu\u00ed para cuidar de tu salud para que puedas disfrutar al m\u00e1ximo de tu estancia en la isla.<\/p>\n\n\n\n<p class=\"gb-headline gb-headline-e2cbd10f\"><span class=\"gb-icon\"><svg xmlns=\"http:\/\/www.w3.org\/2000\/svg\" viewBox=\"0 0 512 512\"><path d=\"M232.484 390.324c-3.902 3.899-3.902 10.23 0 14.137 3.91 3.902 10.239 3.902 14.137 0 3.91-3.906 3.91-10.238 0-14.137-3.898-3.91-10.226-3.91-14.137 0zm0 0\"><\/path><path d=\"M488.918 372.957l-75.922-64.559c-.351-.296-.723-.57-1.11-.816-19.917-12.68-45.491-9.871-62.19 6.824l-41.395 41.39a9.975 9.975 0 01-10.895 2.173c-46.742-19.336-85.14-48.446-114.129-86.512-22.105-29.027-30.074-52.094-31.125-55.344a9.938 9.938 0 00-.605-2.062 9.949 9.949 0 012.172-10.887l41.39-41.402c16.7-16.7 19.504-42.274 6.825-62.192-.102-.16-.207-.316-.317-.472L146.79 22.906C129.54-3.855 91.965-7.898 69.414 14.648l-8.289 8.29a.047.047 0 01-.02.019L31.512 52.551C-3.778 87.844-9.551 140.875 14.82 205.92c20.875 55.72 62.664 116.7 117.668 171.704 56.305 56.305 118.934 98.867 176.348 119.848 56.828 20.761 117.277 23.32 160.062-19.47l27.91-27.905c22.45-22.453 18.532-59.782-7.89-77.141zm-88.313-48.848l75.856 64.504c.348.297.719.57 1.105.817 16.204 10.316 18.657 32.972 5.098 46.527l-2.07 2.074-129.38-96.867 12.622-12.617c9.863-9.867 24.894-11.652 36.77-4.438zM130.082 33.895c.102.16.207.32.316.472l54.805 76.164c7.445 11.918 5.723 27.133-4.234 37.09l-12.23 12.234L81.206 31.137l2.348-2.348c13.613-13.613 36.25-11.039 46.527 5.106zm185.613 444.793c-54.734-20-114.777-60.915-169.066-115.204-53.031-53.027-93.191-111.476-113.086-164.578-14.934-39.86-24.953-95.152 12.11-132.21l21.16-21.165 87.53 128.719-14.761 14.77a29.88 29.88 0 00-6.848 31.835c3.157 12.954 17.68 39.84 32.332 59.653 21.563 29.156 60.7 69.465 124.696 95.941 11.246 4.653 24.07 2.098 32.68-6.508l14.488-14.492 129.379 96.867-11.551 11.547c-39.73 39.735-97.551 29.992-139.063 14.824zm0 0\"><\/path><path d=\"M213.719 366.45c-10.563-9.262-28.832-25.192-38.453-35.09-23.594-24.247-48.348-53.637-63.067-74.872-3.144-4.539-9.375-5.672-13.914-2.523-4.539 3.144-5.668 9.375-2.523 13.914 18.562 26.781 45.836 57.555 65.168 77.422 10.156 10.453 28.582 26.523 39.601 36.183 4.145 3.633 10.461 3.235 14.114-.925 3.64-4.149 3.226-10.47-.926-14.11zm0 0\"><\/path><\/svg><\/span><span class=\"gb-headline-text\"><span class=\"gb-icon\"><\/span><span class=\"gb-headline-text\">Ll\u00e1manos: <a href=\"tel:+34 600 12 34 56\" target=\"_blank\" rel=\"noreferrer noopener nofollow\"><\/a><a href=\"tel:+34 871 529 685\" target=\"_blank\" rel=\"noreferrer noopener nofollow\">+34 871 529 685<\/a><\/span><\/span><\/p>\n\n\n\n<p class=\"gb-headline gb-headline-974fa055\"><span class=\"gb-icon\"><svg xmlns=\"http:\/\/www.w3.org\/2000\/svg\" viewBox=\"0 0 512 512\"><path d=\"M232.484 390.324c-3.902 3.899-3.902 10.23 0 14.137 3.91 3.902 10.239 3.902 14.137 0 3.91-3.906 3.91-10.238 0-14.137-3.898-3.91-10.226-3.91-14.137 0zm0 0\"><\/path><path d=\"M488.918 372.957l-75.922-64.559c-.351-.296-.723-.57-1.11-.816-19.917-12.68-45.491-9.871-62.19 6.824l-41.395 41.39a9.975 9.975 0 01-10.895 2.173c-46.742-19.336-85.14-48.446-114.129-86.512-22.105-29.027-30.074-52.094-31.125-55.344a9.938 9.938 0 00-.605-2.062 9.949 9.949 0 012.172-10.887l41.39-41.402c16.7-16.7 19.504-42.274 6.825-62.192-.102-.16-.207-.316-.317-.472L146.79 22.906C129.54-3.855 91.965-7.898 69.414 14.648l-8.289 8.29a.047.047 0 01-.02.019L31.512 52.551C-3.778 87.844-9.551 140.875 14.82 205.92c20.875 55.72 62.664 116.7 117.668 171.704 56.305 56.305 118.934 98.867 176.348 119.848 56.828 20.761 117.277 23.32 160.062-19.47l27.91-27.905c22.45-22.453 18.532-59.782-7.89-77.141zm-88.313-48.848l75.856 64.504c.348.297.719.57 1.105.817 16.204 10.316 18.657 32.972 5.098 46.527l-2.07 2.074-129.38-96.867 12.622-12.617c9.863-9.867 24.894-11.652 36.77-4.438zM130.082 33.895c.102.16.207.32.316.472l54.805 76.164c7.445 11.918 5.723 27.133-4.234 37.09l-12.23 12.234L81.206 31.137l2.348-2.348c13.613-13.613 36.25-11.039 46.527 5.106zm185.613 444.793c-54.734-20-114.777-60.915-169.066-115.204-53.031-53.027-93.191-111.476-113.086-164.578-14.934-39.86-24.953-95.152 12.11-132.21l21.16-21.165 87.53 128.719-14.761 14.77a29.88 29.88 0 00-6.848 31.835c3.157 12.954 17.68 39.84 32.332 59.653 21.563 29.156 60.7 69.465 124.696 95.941 11.246 4.653 24.07 2.098 32.68-6.508l14.488-14.492 129.379 96.867-11.551 11.547c-39.73 39.735-97.551 29.992-139.063 14.824zm0 0\"><\/path><path d=\"M213.719 366.45c-10.563-9.262-28.832-25.192-38.453-35.09-23.594-24.247-48.348-53.637-63.067-74.872-3.144-4.539-9.375-5.672-13.914-2.523-4.539 3.144-5.668 9.375-2.523 13.914 18.562 26.781 45.836 57.555 65.168 77.422 10.156 10.453 28.582 26.523 39.601 36.183 4.145 3.633 10.461 3.235 14.114-.925 3.64-4.149 3.226-10.47-.926-14.11zm0 0\"><\/path><\/svg><\/span><span class=\"gb-headline-text\"><span class=\"gb-icon\"><\/span><span class=\"gb-headline-text\">M\u00f3vil: <a href=\"tel:+34 600 12 34 56\" target=\"_blank\" rel=\"noreferrer noopener nofollow\"><\/a><a href=\"tel:+34 640 902 819\" target=\"_blank\" rel=\"noreferrer noopener nofollow\"><\/a><a href=\"tel:+34 640 902 819\" target=\"_blank\" rel=\"noreferrer noopener nofollow\">+34 640 902 819<\/a><\/span><\/span><\/p>\n\n\n\n<p class=\"gb-headline gb-headline-21ec68ea\"><span class=\"gb-icon\"><svg xmlns=\"http:\/\/www.w3.org\/2000\/svg\" viewBox=\"0 0 512 512\"><path d=\"M232.484 390.324c-3.902 3.899-3.902 10.23 0 14.137 3.91 3.902 10.239 3.902 14.137 0 3.91-3.906 3.91-10.238 0-14.137-3.898-3.91-10.226-3.91-14.137 0zm0 0\"><\/path><path d=\"M488.918 372.957l-75.922-64.559c-.351-.296-.723-.57-1.11-.816-19.917-12.68-45.491-9.871-62.19 6.824l-41.395 41.39a9.975 9.975 0 01-10.895 2.173c-46.742-19.336-85.14-48.446-114.129-86.512-22.105-29.027-30.074-52.094-31.125-55.344a9.938 9.938 0 00-.605-2.062 9.949 9.949 0 012.172-10.887l41.39-41.402c16.7-16.7 19.504-42.274 6.825-62.192-.102-.16-.207-.316-.317-.472L146.79 22.906C129.54-3.855 91.965-7.898 69.414 14.648l-8.289 8.29a.047.047 0 01-.02.019L31.512 52.551C-3.778 87.844-9.551 140.875 14.82 205.92c20.875 55.72 62.664 116.7 117.668 171.704 56.305 56.305 118.934 98.867 176.348 119.848 56.828 20.761 117.277 23.32 160.062-19.47l27.91-27.905c22.45-22.453 18.532-59.782-7.89-77.141zm-88.313-48.848l75.856 64.504c.348.297.719.57 1.105.817 16.204 10.316 18.657 32.972 5.098 46.527l-2.07 2.074-129.38-96.867 12.622-12.617c9.863-9.867 24.894-11.652 36.77-4.438zM130.082 33.895c.102.16.207.32.316.472l54.805 76.164c7.445 11.918 5.723 27.133-4.234 37.09l-12.23 12.234L81.206 31.137l2.348-2.348c13.613-13.613 36.25-11.039 46.527 5.106zm185.613 444.793c-54.734-20-114.777-60.915-169.066-115.204-53.031-53.027-93.191-111.476-113.086-164.578-14.934-39.86-24.953-95.152 12.11-132.21l21.16-21.165 87.53 128.719-14.761 14.77a29.88 29.88 0 00-6.848 31.835c3.157 12.954 17.68 39.84 32.332 59.653 21.563 29.156 60.7 69.465 124.696 95.941 11.246 4.653 24.07 2.098 32.68-6.508l14.488-14.492 129.379 96.867-11.551 11.547c-39.73 39.735-97.551 29.992-139.063 14.824zm0 0\"><\/path><path d=\"M213.719 366.45c-10.563-9.262-28.832-25.192-38.453-35.09-23.594-24.247-48.348-53.637-63.067-74.872-3.144-4.539-9.375-5.672-13.914-2.523-4.539 3.144-5.668 9.375-2.523 13.914 18.562 26.781 45.836 57.555 65.168 77.422 10.156 10.453 28.582 26.523 39.601 36.183 4.145 3.633 10.461 3.235 14.114-.925 3.64-4.149 3.226-10.47-.926-14.11zm0 0\"><\/path><\/svg><\/span><span class=\"gb-headline-text\"><span class=\"gb-icon\"><\/span><span class=\"gb-headline-text\">M\u00f3vil: <a href=\"tel:+34 600 12 34 56\" target=\"_blank\" rel=\"noreferrer noopener nofollow\"><\/a><a href=\"tel:+34 640 902 823\" target=\"_blank\" rel=\"noreferrer noopener nofollow\">+34 640 902 823<\/a><\/span><\/span><\/p>\n\n\n\n<p class=\"gb-headline gb-headline-7a91cd7d\"><span class=\"gb-icon\"><svg xmlns=\"http:\/\/www.w3.org\/2000\/svg\" viewBox=\"0 0 512 512\"><path d=\"M467 61H45C20.218 61 0 81.196 0 106v300c0 24.72 20.128 45 45 45h422c24.72 0 45-20.128 45-45V106c0-24.72-20.128-45-45-45zm-6.214 30L256.954 294.833 51.359 91h409.427zM30 399.788V112.069l144.479 143.24L30 399.788zM51.213 421l144.57-144.57 50.657 50.222c5.864 5.814 15.327 5.795 21.167-.046L317 277.213 460.787 421H51.213zM482 399.787L338.213 256 482 112.212v287.575z\"><\/path><\/svg><\/span><span class=\"gb-headline-text\"><span class=\"gb-icon\"><\/span><span class=\"gb-headline-text\"><a href=\"mailto:info@doctor24arenalmallorca.com\"><\/a><a href=\"mailto:info@doctor24arenalmallorca.com\" target=\"_blank\" rel=\"noreferrer noopener nofollow\">info@doctor24arenalmallorca.com<\/a><\/span><\/span><\/p>\n\n\n\n<p class=\"gb-headline gb-headline-615f0213\"><span class=\"gb-icon\"><svg xmlns=\"http:\/\/www.w3.org\/2000\/svg\" viewBox=\"0 0 512 512\"><path d=\"M256 0C156.748 0 76 80.748 76 180c0 33.534 9.289 66.26 26.869 94.652l142.885 230.257A15 15 0 00258.499 512h.119a14.997 14.997 0 0012.75-7.292L410.611 272.22C427.221 244.428 436 212.539 436 180 436 80.748 355.252 0 256 0zm128.866 256.818L258.272 468.186l-129.905-209.34C113.734 235.214 105.8 207.95 105.8 180c0-82.71 67.49-150.2 150.2-150.2S406.1 97.29 406.1 180c0 27.121-7.411 53.688-21.234 76.818z\"><\/path><path d=\"M256 90c-49.626 0-90 40.374-90 90 0 49.309 39.717 90 90 90 50.903 0 90-41.233 90-90 0-49.626-40.374-90-90-90zm0 150.2c-33.257 0-60.2-27.033-60.2-60.2 0-33.084 27.116-60.2 60.2-60.2s60.1 27.116 60.1 60.2c0 32.683-26.316 60.2-60.1 60.2z\"><\/path><\/svg><\/span><span class=\"gb-headline-text\"><span class=\"gb-icon\"><\/span><span class=\"gb-headline-text\">Carrer Salut, 32, 07600 Llucmajor, Illes Balears<\/span><\/span><\/p>\n\n<\/div><\/div><\/div>\n\n<div class=\"gb-grid-column gb-grid-column-78671382\"><div class=\"gb-container gb-container-78671382\"><div class=\"gb-inside-container\">\n\n<iframe src=\"https:\/\/www.google.com\/maps\/embed?pb=!1m18!1m12!1m3!1d1539.3144252405684!2d2.7509151345607057!3d39.50029459571204!2m3!1f0!2f0!3f0!3m2!1i1024!2i768!4f13.1!3m3!1m2!1s0x129797220c1fadb1%3A0xa4719c9f4563979b!2sDoctor%2024%20Hours%20Arenal%20Mallorca!5e0!3m2!1ses!2ses!4v1681135900624!5m2!1ses!2ses\" width=\"100%\" height=\"550\" style=\"border:0;\" allowfullscreen=\"\" loading=\"lazy\" referrerpolicy=\"no-referrer-when-downgrade\"><\/iframe>\n\n<\/div><\/div><\/div>\n<\/div>\n<\/div><\/div>\n\n<div class=\"gb-container gb-container-9c323e47\" id=\"formulario\"><div class=\"gb-inside-container\">\n\n<h2 class=\"gb-headline gb-headline-7999f772 gb-headline-text\">\u00a1M\u00e9dicos en los que puedes confiar!<\/h2>\n\n\n\n<h2 class=\"gb-headline gb-headline-cefcd899\"><span class=\"gb-icon\"><svg xmlns=\"http:\/\/www.w3.org\/2000\/svg\" viewBox=\"0 0 36.7 3\"><path d=\"M0 0h36.7v3H0z\"><\/path><\/svg><\/span><\/h2>\n\n\n\n<p class=\"gb-headline gb-headline-82914de0 gb-headline-text\">En nuestro centro m\u00e9dico 24 horas en Mallorca, nuestros m\u00e9dicos est\u00e1n siempre a tu disposici\u00f3n. Conf\u00eda en nosotros para brindarte la atenci\u00f3n m\u00e9dica que necesitas, sin importar la hora del d\u00eda o de la noche. Rellena nuestro formulario ahora y descubre c\u00f3mo podemos ayudarte a cuidar de tu salud mientras disfrutas de la isla.<\/p>\n\n\n<div class=\"gb-container gb-container-80b0f783\"><div class=\"gb-inside-container\">\n\n<p class=\"gb-headline gb-headline-57980a11 gb-headline-text\">\n<div class=\"wpcf7 no-js\" id=\"wpcf7-f1615-o1\" lang=\"es-ES\" dir=\"ltr\">\n<div class=\"screen-reader-response\"><p role=\"status\" aria-live=\"polite\" aria-atomic=\"true\"><\/p> <ul><\/ul><\/div>\n<form action=\"\/es\/wp-json\/wp\/v2\/pages\/1601#wpcf7-f1615-o1\" method=\"post\" class=\"wpcf7-form init\" aria-label=\"Formulario de contacto\" novalidate=\"novalidate\" data-status=\"init\">\n<div style=\"display: none;\">\n<input type=\"hidden\" name=\"_wpcf7\" value=\"1615\" \/>\n<input type=\"hidden\" name=\"_wpcf7_version\" value=\"5.9.3\" \/>\n<input type=\"hidden\" name=\"_wpcf7_locale\" value=\"es_ES\" \/>\n<input type=\"hidden\" name=\"_wpcf7_unit_tag\" value=\"wpcf7-f1615-o1\" \/>\n<input type=\"hidden\" name=\"_wpcf7_container_post\" value=\"0\" \/>\n<input type=\"hidden\" name=\"_wpcf7_posted_data_hash\" value=\"\" \/>\n<\/div>\n<p><span class=\"wpcf7-form-control-wrap\" data-name=\"your-name\"><input size=\"40\" class=\"wpcf7-form-control wpcf7-text wpcf7-validates-as-required\" aria-required=\"true\" aria-invalid=\"false\" placeholder=\"Nombre\" value=\"\" type=\"text\" name=\"your-name\" \/><\/span><br \/>\n<span class=\"wpcf7-form-control-wrap\" data-name=\"your-tel\"><input size=\"40\" class=\"wpcf7-form-control wpcf7-tel wpcf7-validates-as-required wpcf7-text wpcf7-validates-as-tel\" aria-required=\"true\" aria-invalid=\"false\" placeholder=\"M\u00f3vil\" value=\"\" type=\"tel\" name=\"your-tel\" \/><\/span><br \/>\n<span class=\"wpcf7-form-control-wrap\" data-name=\"your-email\"><input size=\"40\" class=\"wpcf7-form-control wpcf7-email wpcf7-validates-as-required wpcf7-text wpcf7-validates-as-email\" aria-required=\"true\" aria-invalid=\"false\" placeholder=\"Email\" value=\"\" type=\"email\" name=\"your-email\" \/><\/span><br \/>\n<span class=\"wpcf7-form-control-wrap\" data-name=\"your-subject\"><input size=\"40\" class=\"wpcf7-form-control wpcf7-text wpcf7-validates-as-required\" aria-required=\"true\" aria-invalid=\"false\" placeholder=\"Asunto\" value=\"\" type=\"text\" name=\"your-subject\" \/><\/span><br \/>\n<span class=\"wpcf7-form-control-wrap\" data-name=\"your-message\"><textarea cols=\"40\" rows=\"10\" class=\"wpcf7-form-control wpcf7-textarea wpcf7-validates-as-required\" aria-required=\"true\" aria-invalid=\"false\" placeholder=\"Escribe tu mensaje\" name=\"your-message\"><\/textarea><\/span><br \/>\n<span class=\"wpcf7-form-control-wrap\" data-name=\"acceptance-692\"><span class=\"wpcf7-form-control wpcf7-acceptance\"><span class=\"wpcf7-list-item\"><label><input type=\"checkbox\" name=\"acceptance-692\" value=\"1\" aria-invalid=\"false\" \/><span class=\"wpcf7-list-item-label\">Si env\u00edas el formulario, estar\u00e1s aceptando nuestra <a href=\"https:\/\/doctor24arenalmallorca.com\/es\/politica-privacidad\" rel=\"nofollow\" target=\"_blank\">Pol\u00edtica de Privacidad<\/a>.<\/br><\/br>El responsable del tratamiento de los datos es el propietario de Doctor24ArenalMallorca.com. La finalidad de la recogida de tus datos es para poder atender tus solicitudes de informaci\u00f3n, sin ceder tus datos a terceros. Tienes derecho a saber qu\u00e9 informaci\u00f3n tenemos sobre ti, corregirla o eliminarla tal y como se explica en la <a href=\"https:\/\/doctor24arenalmallorca.com\/es\/politica-privacidad\" rel=\"nofollow\" target=\"_blank\">Pol\u00edtica de Privacidad<\/a>.<\/span><\/label><\/span><\/span><\/span><br \/>\n<input class=\"wpcf7-form-control wpcf7-submit has-spinner\" type=\"submit\" value=\"Enviar\" \/>\n<\/p><div class=\"wpcf7-response-output\" aria-hidden=\"true\"><\/div>\n<\/form>\n<\/div>\n<\/p>\n\n<\/div><\/div>\n<\/div><\/div>","protected":false},"excerpt":{"rendered":"<p>\u00a1M\u00e9dicos en los que puedes confiar! En nuestro centro m\u00e9dico 24 horas en Mallorca, nuestros m\u00e9dicos est\u00e1n siempre a tu disposici\u00f3n. Conf\u00eda en nosotros para &#8230; <a title=\"Contacto\" class=\"read-more\" href=\"https:\/\/doctor24arenalmallorca.com\/es\/contacto\/\" aria-label=\"M\u00e1s en Contacto\">Leer m\u00e1s<\/a><\/p>\n","protected":false},"author":2,"featured_media":0,"parent":0,"menu_order":0,"comment_status":"closed","ping_status":"closed","template":"","meta":{"footnotes":""},"yoast_head":"<!-- This site is optimized with the Yoast SEO plugin v22.3 - https:\/\/yoast.com\/wordpress\/plugins\/seo\/ -->\n<title>Contacto - Doctor 24 Hours Arenal Mallorca<\/title>\n<meta name=\"description\" content=\"En Doctor 24 Horas Arenal Mallorca, proporcionamos atenci\u00f3n m\u00e9dica completa 24 horas al d\u00eda, 7 d\u00edas a la semana. Nuestro equipo m\u00e9dico habla ingl\u00e9s con fluidez.\" \/>\n<meta name=\"robots\" content=\"index, nofollow, max-snippet:-1, max-image-preview:large, max-video-preview:-1\" \/>\n<link rel=\"canonical\" href=\"https:\/\/doctor24arenalmallorca.com\/es\/contacto\/\" \/>\n<meta property=\"og:locale\" content=\"es_ES\" \/>\n<meta property=\"og:type\" content=\"article\" \/>\n<meta property=\"og:title\" content=\"Contacto - Doctor 24 Hours Arenal Mallorca\" \/>\n<meta property=\"og:description\" content=\"En Doctor 24 Horas Arenal Mallorca, proporcionamos atenci\u00f3n m\u00e9dica completa 24 horas al d\u00eda, 7 d\u00edas a la semana. Nuestro equipo m\u00e9dico habla ingl\u00e9s con fluidez.\" \/>\n<meta property=\"og:url\" content=\"https:\/\/doctor24arenalmallorca.com\/es\/contacto\/\" \/>\n<meta property=\"og:site_name\" content=\"Doctor 24 Hours Arenal Mallorca\" \/>\n<meta property=\"article:modified_time\" content=\"2023-04-10T19:00:15+00:00\" \/>\n<meta name=\"twitter:card\" content=\"summary_large_image\" \/>\n<meta name=\"twitter:label1\" content=\"Tiempo de lectura\" \/>\n\t<meta name=\"twitter:data1\" content=\"1 minuto\" \/>\n<script type=\"application\/ld+json\" class=\"yoast-schema-graph\">{\"@context\":\"https:\/\/schema.org\",\"@graph\":[{\"@type\":\"WebPage\",\"@id\":\"https:\/\/doctor24arenalmallorca.com\/es\/contacto\/\",\"url\":\"https:\/\/doctor24arenalmallorca.com\/es\/contacto\/\",\"name\":\"Contacto - Doctor 24 Hours Arenal Mallorca\",\"isPartOf\":{\"@id\":\"https:\/\/doctor24arenalmallorca.com\/es\/#website\"},\"datePublished\":\"2022-02-13T18:11:16+00:00\",\"dateModified\":\"2023-04-10T19:00:15+00:00\",\"description\":\"En Doctor 24 Horas Arenal Mallorca, proporcionamos atenci\u00f3n m\u00e9dica completa 24 horas al d\u00eda, 7 d\u00edas a la semana. Nuestro equipo m\u00e9dico habla ingl\u00e9s con fluidez.\",\"breadcrumb\":{\"@id\":\"https:\/\/doctor24arenalmallorca.com\/es\/contacto\/#breadcrumb\"},\"inLanguage\":\"es\",\"potentialAction\":[{\"@type\":\"ReadAction\",\"target\":[\"https:\/\/doctor24arenalmallorca.com\/es\/contacto\/\"]}]},{\"@type\":\"BreadcrumbList\",\"@id\":\"https:\/\/doctor24arenalmallorca.com\/es\/contacto\/#breadcrumb\",\"itemListElement\":[{\"@type\":\"ListItem\",\"position\":1,\"name\":\"Portada\",\"item\":\"https:\/\/doctor24arenalmallorca.com\/es\/\"},{\"@type\":\"ListItem\",\"position\":2,\"name\":\"Contacto\"}]},{\"@type\":\"WebSite\",\"@id\":\"https:\/\/doctor24arenalmallorca.com\/es\/#website\",\"url\":\"https:\/\/doctor24arenalmallorca.com\/es\/\",\"name\":\"Doctor 24 Hours Arenal Mallorca\",\"description\":\"\",\"publisher\":{\"@id\":\"https:\/\/doctor24arenalmallorca.com\/es\/#organization\"},\"potentialAction\":[{\"@type\":\"SearchAction\",\"target\":{\"@type\":\"EntryPoint\",\"urlTemplate\":\"https:\/\/doctor24arenalmallorca.com\/es\/?s={search_term_string}\"},\"query-input\":\"required name=search_term_string\"}],\"inLanguage\":\"es\"},{\"@type\":\"Organization\",\"@id\":\"https:\/\/doctor24arenalmallorca.com\/es\/#organization\",\"name\":\"Doctor 24 Hours Arenal Mallorca\",\"url\":\"https:\/\/doctor24arenalmallorca.com\/es\/\",\"logo\":{\"@type\":\"ImageObject\",\"inLanguage\":\"es\",\"@id\":\"https:\/\/doctor24arenalmallorca.com\/es\/#\/schema\/logo\/image\/\",\"url\":\"https:\/\/doctor24arenalmallorca.com\/es\/wp-content\/uploads\/sites\/2\/2023\/03\/cropped-doctor-24-arenal-mallorca.png\",\"contentUrl\":\"https:\/\/doctor24arenalmallorca.com\/es\/wp-content\/uploads\/sites\/2\/2023\/03\/cropped-doctor-24-arenal-mallorca.png\",\"width\":500,\"height\":276,\"caption\":\"Doctor 24 Hours Arenal Mallorca\"},\"image\":{\"@id\":\"https:\/\/doctor24arenalmallorca.com\/es\/#\/schema\/logo\/image\/\"}}]}<\/script>\n<!-- \/ Yoast SEO plugin. -->","yoast_head_json":{"title":"Contacto - Doctor 24 Hours Arenal Mallorca","description":"En Doctor 24 Horas Arenal Mallorca, proporcionamos atenci\u00f3n m\u00e9dica completa 24 horas al d\u00eda, 7 d\u00edas a la semana. Nuestro equipo m\u00e9dico habla ingl\u00e9s con fluidez.","robots":{"index":"index","follow":"nofollow","max-snippet":"max-snippet:-1","max-image-preview":"max-image-preview:large","max-video-preview":"max-video-preview:-1"},"canonical":"https:\/\/doctor24arenalmallorca.com\/es\/contacto\/","og_locale":"es_ES","og_type":"article","og_title":"Contacto - Doctor 24 Hours Arenal Mallorca","og_description":"En Doctor 24 Horas Arenal Mallorca, proporcionamos atenci\u00f3n m\u00e9dica completa 24 horas al d\u00eda, 7 d\u00edas a la semana. Nuestro equipo m\u00e9dico habla ingl\u00e9s con fluidez.","og_url":"https:\/\/doctor24arenalmallorca.com\/es\/contacto\/","og_site_name":"Doctor 24 Hours Arenal Mallorca","article_modified_time":"2023-04-10T19:00:15+00:00","twitter_card":"summary_large_image","twitter_misc":{"Tiempo de lectura":"1 minuto"},"schema":{"@context":"https:\/\/schema.org","@graph":[{"@type":"WebPage","@id":"https:\/\/doctor24arenalmallorca.com\/es\/contacto\/","url":"https:\/\/doctor24arenalmallorca.com\/es\/contacto\/","name":"Contacto - Doctor 24 Hours Arenal Mallorca","isPartOf":{"@id":"https:\/\/doctor24arenalmallorca.com\/es\/#website"},"datePublished":"2022-02-13T18:11:16+00:00","dateModified":"2023-04-10T19:00:15+00:00","description":"En Doctor 24 Horas Arenal Mallorca, proporcionamos atenci\u00f3n m\u00e9dica completa 24 horas al d\u00eda, 7 d\u00edas a la semana. Nuestro equipo m\u00e9dico habla ingl\u00e9s con fluidez.","breadcrumb":{"@id":"https:\/\/doctor24arenalmallorca.com\/es\/contacto\/#breadcrumb"},"inLanguage":"es","potentialAction":[{"@type":"ReadAction","target":["https:\/\/doctor24arenalmallorca.com\/es\/contacto\/"]}]},{"@type":"BreadcrumbList","@id":"https:\/\/doctor24arenalmallorca.com\/es\/contacto\/#breadcrumb","itemListElement":[{"@type":"ListItem","position":1,"name":"Portada","item":"https:\/\/doctor24arenalmallorca.com\/es\/"},{"@type":"ListItem","position":2,"name":"Contacto"}]},{"@type":"WebSite","@id":"https:\/\/doctor24arenalmallorca.com\/es\/#website","url":"https:\/\/doctor24arenalmallorca.com\/es\/","name":"Doctor 24 Hours Arenal Mallorca","description":"","publisher":{"@id":"https:\/\/doctor24arenalmallorca.com\/es\/#organization"},"potentialAction":[{"@type":"SearchAction","target":{"@type":"EntryPoint","urlTemplate":"https:\/\/doctor24arenalmallorca.com\/es\/?s={search_term_string}"},"query-input":"required name=search_term_string"}],"inLanguage":"es"},{"@type":"Organization","@id":"https:\/\/doctor24arenalmallorca.com\/es\/#organization","name":"Doctor 24 Hours Arenal Mallorca","url":"https:\/\/doctor24arenalmallorca.com\/es\/","logo":{"@type":"ImageObject","inLanguage":"es","@id":"https:\/\/doctor24arenalmallorca.com\/es\/#\/schema\/logo\/image\/","url":"https:\/\/doctor24arenalmallorca.com\/es\/wp-content\/uploads\/sites\/2\/2023\/03\/cropped-doctor-24-arenal-mallorca.png","contentUrl":"https:\/\/doctor24arenalmallorca.com\/es\/wp-content\/uploads\/sites\/2\/2023\/03\/cropped-doctor-24-arenal-mallorca.png","width":500,"height":276,"caption":"Doctor 24 Hours Arenal Mallorca"},"image":{"@id":"https:\/\/doctor24arenalmallorca.com\/es\/#\/schema\/logo\/image\/"}}]}},"_links":{"self":[{"href":"https:\/\/doctor24arenalmallorca.com\/es\/wp-json\/wp\/v2\/pages\/1601"}],"collection":[{"href":"https:\/\/doctor24arenalmallorca.com\/es\/wp-json\/wp\/v2\/pages"}],"about":[{"href":"https:\/\/doctor24arenalmallorca.com\/es\/wp-json\/wp\/v2\/types\/page"}],"author":[{"embeddable":true,"href":"https:\/\/doctor24arenalmallorca.com\/es\/wp-json\/wp\/v2\/users\/2"}],"replies":[{"embeddable":true,"href":"https:\/\/doctor24arenalmallorca.com\/es\/wp-json\/wp\/v2\/comments?post=1601"}],"version-history":[{"count":22,"href":"https:\/\/doctor24arenalmallorca.com\/es\/wp-json\/wp\/v2\/pages\/1601\/revisions"}],"predecessor-version":[{"id":1780,"href":"https:\/\/doctor24arenalmallorca.com\/es\/wp-json\/wp\/v2\/pages\/1601\/revisions\/1780"}],"wp:attachment":[{"href":"https:\/\/doctor24arenalmallorca.com\/es\/wp-json\/wp\/v2\/media?parent=1601"}],"curies":[{"name":"wp","href":"https:\/\/api.w.org\/{rel}","templated":true}]}}