{"id":1606,"date":"2021-05-30T14:08:16","date_gmt":"2021-05-30T14:08:16","guid":{"rendered":"https:\/\/clinic.wordifysites.com\/?page_id=3"},"modified":"2023-04-10T18:35:18","modified_gmt":"2023-04-10T18:35:18","slug":"impressum","status":"publish","type":"page","link":"https:\/\/doctor24arenalmallorca.com\/de\/impressum\/","title":{"rendered":"Impressum"},"content":{"rendered":"<div class=\"gb-container gb-container-be246cb2\"><div class=\"gb-inside-container\">\n\n<h2 class=\"wp-block-heading\"><strong>1. Rechtlicher Hinweis und Nutzungsbedingungen&nbsp;<\/strong><\/h2>\n\n\n\n<h3 class=\"wp-block-heading\"><strong>1.1 Angaben zur Identifizierung der verantwortlichen Person Der Name des Unternehmens lautet:&nbsp;<\/strong><\/h3>\n\n\n\n<p>&#8211; <strong>&#171;DOCTOR 24 HOURS ARENAL MALLORCA, S.L.P.&#187;<\/strong>, (nachstehend DAS MEDIZINISCHE ZENTRUM)<br>&#8211; <strong>CIF<\/strong> ist B44827368.<br>&#8211; <strong>Eingetragener Firmensitz<\/strong> ist Carrer Salut, 32, 07600 Llucmajor, Illes Balears.<br>&#8211; <strong>E-Mail:<\/strong> <a href=\"mailto:info@doctor24arenalmallorca.com\" target=\"_blank\" rel=\"noreferrer noopener nofollow\">info@doctor24arenalmallorca.com<\/a><\/p>\n\n\n\n<h3 class=\"wp-block-heading\"><strong>1.2 Zweck der Website&nbsp;<\/strong><\/h3>\n\n\n\n<p>Die von der f\u00fcr die Website verantwortlichen Person erbrachten Dienstleistungen sind die folgenden:&nbsp;<\/p>\n\n\n\n<p>&#8211; Verwaltung, Untersuchung und L\u00f6sung von Anfragen, die \u00fcber die Website gestellt werden.&nbsp;<\/p>\n\n\n\n<p>&#8211; Anzeige von Informationen \u00fcber die angebotenen Dienstleistungen sowie die Verwaltung von Terminen.<\/p>\n\n\n\n<p>Der BENUTZER wird dar\u00fcber informiert, dass durch die Kontaktformulare oder Abonnements, die Kontaktformulare oder Abonnements Daten erhoben werden, die in einer Datei gespeichert werden, und zwar ausschlie\u00dflich zum Zweck der Zusendung von Datei gespeichert werden, zum ausschlie\u00dflichen Zweck des Versands elektronischer Mitteilungen, wie z.B.:&nbsp;<\/p>\n\n\n\n<p>Newsletter, neue Eintr\u00e4ge (Posts), kommerzielle Angebote, kostenlose Webinare, sowie andere Mitteilungen, die DAS MEDIZINISCHE ZENTRUM als interessant f\u00fcr seine BENUTZER erachten.&nbsp;<\/p>\n\n\n\n<p>BENUTZER. Die als obligatorisch gekennzeichneten Felder sind unerl\u00e4sslich, um den angegebenen Zweck zu erf\u00fcllen unerl\u00e4sslich, um den oben genannten Zweck zu erf\u00fcllen.<\/p>\n\n\n\n<p>Ebenso k\u00f6nnen die Daten verwendet werden, um die von den BENUTZERN geforderten Anforderungen zu erf\u00fcllen.<\/p>\n\n\n\n<p>ZWECK: Diese Website <a href=\"https:\/\/doctor24arenalmallorca.com\/\" target=\"_blank\" rel=\"noreferrer noopener nofollow\">https:\/\/doctor24arenalmallorca.com\/<\/a> bietet Informationen \u00fcber die klinischen medizinischen Dienstleistungen, die vom Centro M\u00e9dico Doctor 24 Hours Arenal Mallorca angeboten werden. Sie bietet auch die M\u00f6glichkeit, online mit uns in Kontakt zu treten, um einen Arzttermin zu vereinbaren. Die von Ihnen zur Verf\u00fcgung gestellten personenbezogenen Daten werden verarbeitet, um Ihren Arzttermin zu verwalten und Ihnen relevante Informationen \u00fcber Ihre Gesundheit, unsere medizinischen Dienstleistungen und andere Mitteilungen im Zusammenhang mit dem \u00c4rztezentrum zukommen zu lassen. Sie k\u00f6nnen auch zu statistischen Zwecken und zur Verbesserung der von uns angebotenen Dienstleistungen verwendet werden.&nbsp;<\/p>\n\n\n\n<h3 class=\"wp-block-heading\"><strong>1.3 Benutzer&nbsp;<\/strong><\/h3>\n\n\n\n<p>Der Zugang und\/oder die Nutzung dieser Website setzt voraus, dass der BENUTZER mit dem Zugang und\/oder der Nutzung die vorliegenden Nutzungsbedingungen akzeptiert, wobei die blo\u00dfe Nutzung der Website nicht den Beginn eines wie auch immer gearteten Arbeits-\/Handels Verh\u00e4ltnisses bedeutet.&nbsp;<\/p>\n\n\n\n<h3 class=\"wp-block-heading\"><strong>1.4 Nutzung der Website und Sammlung von Informationen:&nbsp;<\/strong><\/h3>\n\n\n\n<h4 class=\"wp-block-heading\"><strong>1.4.1 Nutzung der Website&nbsp;<\/strong><\/h4>\n\n\n\n<p>Die Website <a href=\"https:\/\/doctor24arenalmallorca.com\/\" target=\"_blank\" rel=\"noreferrer noopener nofollow\">https:\/\/doctor24arenalmallorca.com\/<\/a> (im Folgenden &#171;DIE WEBSITE&#187;) bietet Zugang zu Artikeln, Informationen, Dienstleistungen und Daten (im Folgenden &#171;DIE INHALTE&#187;), die Eigentum von DOCTOR 24 HOURS ARENAL MALLORCA SLP (im Folgenden &#171;DAS MEDIZINISCHE ZENTRUM&#187;) sind, sowie Zugang zu eigenen und fremden Landing Pages.&nbsp;<\/p>\n\n\n\n<p>Der BENUTZER \u00fcbernimmt die Verantwortung f\u00fcr die Nutzung der Website.&nbsp;<\/p>\n\n\n\n<p>Der BENUTZER verpflichtet sich, die \u00fcber die Website angebotenen INHALTE angemessen zu nutzen und sie beispielsweise, aber nicht ausschlie\u00dflich, nicht f\u00fcr Folgendes zu verwenden&nbsp;<\/p>\n\n\n\n<p>(a) illegale, ungesetzliche oder gegen Treu und Glauben und die \u00f6ffentliche Ordnung versto\u00dfende Aktivit\u00e4ten zu unternehmen;&nbsp;<\/p>\n\n\n\n<p>(b) Inhalte oder Propaganda rassistischer, fremdenfeindlicher, pornografisch-illegaler Art, zur Unterst\u00fctzung des Terrorismus oder gegen die Menschenrechte zu verbreiten;&nbsp;<\/p>\n\n\n\n<p>(c) Sch\u00e4den an den physischen und logischen Systemen der Website, ihrer Lieferanten oder Dritter zu verursachen, Computerviren oder andere physische oder logische Systeme einzuf\u00fchren oder zu verbreiten, die die oben genannten Sch\u00e4den verursachen k\u00f6nnen;&nbsp;<\/p>\n\n\n\n<p>(d) zu versuchen, auf die E-Mail-Konten anderer Nutzer zuzugreifen und diese gegebenenfalls zu nutzen und deren Nachrichten zu ver\u00e4ndern oder zu manipulieren.<\/p>\n\n\n\n<p>DAS MEDIZINISCHE ZENTRUM beh\u00e4lt sich das Recht vor, alle Kommentare und Beitr\u00e4ge zu entfernen, die gegen die Achtung der Menschenw\u00fcrde versto\u00dfen, diskriminierend, fremdenfeindlich, rassistisch oder pornografisch sind, die die Jugend oder das Kindesalter, die \u00f6ffentliche Ordnung oder Sicherheit verletzen oder die seiner Meinung nach nicht zur Ver\u00f6ffentlichung geeignet sind.&nbsp;<\/p>\n\n\n\n<p>In jedem Fall haftet DAS MEDIZINISCHE ZENTRUM nicht f\u00fcr die Meinungen, die von den Nutzern \u00fcber den Blog, die Website oder andere Beteiligungsinstrumente ge\u00e4u\u00dfert werden, die in \u00dcbereinstimmung mit den geltenden Vorschriften erstellt werden.&nbsp;<\/p>\n\n\n\n<h4 class=\"wp-block-heading\"><strong>1.4.2 Erfassung von Informationen&nbsp;<\/strong><\/h4>\n\n\n\n<p>&#8211; Kontaktformular, in dem der BENUTZER die Felder E-Mail, Betreff und Name ausf\u00fcllen muss.&nbsp;<\/p>\n\n\n\n<p>&#8211; Anmeldeformular, in dem der BENUTZER die f\u00fcr die Anmeldung auf der Website erforderlichen Felder mit den Feldern Name und E-Mail ausf\u00fcllt.&nbsp;<\/p>\n\n\n\n<p>&#8211; Tracking-Cookies, in \u00dcbereinstimmung mit den ausdr\u00fccklichen Regeln in unserer Cookie-Politik.&nbsp;<\/p>\n\n\n\n<p>&#8211; Browsing und IP-Adresse: Beim Surfen auf dieser Webseite \u00fcbermittelt der Nutzer dem Webserver automatisch Informationen \u00fcber seine IP-Adresse, das Datum und die Uhrzeit des Zugriffs, den Hyperlink, der ihn auf diese weitergeleitet hat, sein Betriebssystem und den verwendeten Browser.&nbsp;<\/p>\n\n\n\n<p>Ungeachtet dessen kann der Nutzer jederzeit die von DAS MEDIZINISCHE ZENTRUM angebotenen Dienste oder die vom BENUTZER bereitgestellten Daten unter Einhaltung der geltenden Datenschutzbestimmungen abbestellen. Durch die Anmeldung auf dieser Website und durch die Abgabe eines Kommentars auf einer ihrer Seiten und\/oder Eintr\u00e4ge erkl\u00e4rt sich der Benutzer ebenfalls damit einverstanden:&nbsp;<\/p>\n\n\n\n<p>1. Die Verarbeitung Ihrer pers\u00f6nlichen Daten in der WordPress-Umgebung gem\u00e4\u00df den Datenschutzbestimmungen.&nbsp;<\/p>\n\n\n\n<p>2. Der Zugriff von DAS MEDIZINISCHE ZENTRUM auf die Daten, die der Nutzer in \u00dcbereinstimmung mit der WordPress-Infrastruktur entweder f\u00fcr die Anmeldung auf der Website oder f\u00fcr eine Anfrage \u00fcber das Kontaktformular angeben muss.&nbsp;<\/p>\n\n\n\n<p>Wir informieren Sie auch dar\u00fcber, dass die Daten unserer Nutzer gem\u00e4\u00df unserer Datenschutzpolitik gesch\u00fctzt werden.&nbsp;<\/p>\n\n\n\n<p>Durch die Aktivierung eines Abonnements, eines Kontaktformulars oder eines Kommentars, versteht und akzeptiert der Benutzer dies:&nbsp;<\/p>\n\n\n\n<p>Von dem Moment an, in dem Sie Ihr Abonnement abschlie\u00dfen oder auf einen kostenpflichtigen Dienst zugreifen, hat DAS MEDIZINISCHE ZENTRUM Zugriff auf:&nbsp;<\/p>\n\n\n\n<p>Name und E-Mail oder andere notwendige Daten, die eine Datei mit dem Namen &#171;WEB-NUTZER UND ABONNENTEN&#187; bilden, oder im Falle eines Kaufs in die Datei &#171;KUNDEN UND \/ ODER LIEFERANTEN&#187; mit Zugang zu den Daten Name, Nachname, E-Mail, ID und<\/p>\n\n\n\n<p>vollst\u00e4ndige Adresse, sowie vollst\u00e4ndige Rechnungsinformationen im Falle der Anforderung einer Rechnung.&nbsp;<\/p>\n\n\n\n<p>In jedem Fall beh\u00e4lt sich DAS MEDIZINISCHE ZENTRUM das Recht vor, jederzeit und ohne vorherige Ank\u00fcndigung die Pr\u00e4sentation und Konfiguration der WEBSITE sowie diesen rechtlichen Hinweis zu \u00e4ndern.&nbsp;<\/p>\n\n\n\n<h2 class=\"wp-block-heading\"><strong>2. Geistiges und gewerbliches Eigentum&nbsp;<\/strong><\/h2>\n\n\n\n<p>DAS MEDIZINISCHE ZENTRUM ist selbst oder in seiner Eigenschaft als Bevollm\u00e4chtigter Eigent\u00fcmer aller geistigen und gewerblichen Eigentumsrechte an seiner Website sowie an den darin enthaltenen Elementen (einschlie\u00dflich, aber nicht beschr\u00e4nkt auf Bilder, Ton, Audio, Video, Software oder Texte; Marken oder Logos, Farbkombinationen, Struktur und Design, Auswahl der verwendeten Materialien, Computerprogramme, die f\u00fcr den Betrieb, den Zugang und die Nutzung erforderlich sind, usw.), die dem EIGENT\u00dcMER oder seinen Lizenzgebern geh\u00f6ren. Alle Rechte vorbehalten.&nbsp;<\/p>\n\n\n\n<p>Jede Nutzung, die nicht zuvor vom MEDIZINISCHEN ZENTRUM genehmigt wurde, wird als schwerwiegende Verletzung der geistigen oder gewerblichen Eigentumsrechte des Urhebers angesehen.&nbsp;<\/p>\n\n\n\n<p>Die Vervielf\u00e4ltigung, die Verbreitung und die \u00f6ffentliche Bekanntmachung, einschlie\u00dflich der Art der Bereitstellung, des gesamten Inhalts dieser Webseite oder eines Teils davon zu kommerziellen Zwecken, auf jeglichem Tr\u00e4ger und mit jeglichen technischen Mitteln, ohne die Genehmigung des MEDIZINISCHEN ZENTRUMS, sind ausdr\u00fccklich verboten.&nbsp;<\/p>\n\n\n\n<p>Der BENUTZER verpflichtet sich, die Rechte an geistigem und gewerblichem Eigentum zu respektieren, deren Eigent\u00fcmer DAS MEDIZINISCHE ZENTRUM ist. Der BENUTZER darf die Elemente der Website nur ansehen, ohne die M\u00f6glichkeit, sie auszudrucken, zu kopieren und\/oder auf der Festplatte seines Computers oder auf einem anderen physischen Tr\u00e4ger zu speichern. Der BENUTZER darf keine Schutzvorrichtungen oder Sicherheitssysteme, die auf den Seiten von DAS MEDIZINISCHE ZENTRUM installiert sind, l\u00f6schen, ver\u00e4ndern, umgehen oder manipulieren.&nbsp;<\/p>\n\n\n\n<h2 class=\"wp-block-heading\"><strong>3. Ausschluss von Garantien und Verantwortung&nbsp;<\/strong><\/h2>\n\n\n\n<p>DAS MEDIZINISCHE ZENTRUM haftet unter keinen Umst\u00e4nden f\u00fcr Sch\u00e4den jeglicher Art, die durch Fehler oder Auslassungen in den Inhalten, mangelnde Verf\u00fcgbarkeit der Webseite &#8211; die von Zeit zu Zeit f\u00fcr technische Wartungsarbeiten unterbrochen wird &#8211; sowie durch die \u00dcbertragung von Viren oder b\u00f6sartigen oder sch\u00e4dlichen Programmen in den Inhalten verursacht werden k\u00f6nnen, obwohl alle notwendigen technischen Ma\u00dfnahmen zu deren Vermeidung getroffen wurden.&nbsp;<\/p>\n\n\n\n<h2 class=\"wp-block-heading\"><strong>4. \u00c4nderungen&nbsp;<\/strong><\/h2>\n\n\n\n<p>DAS MEDIZINISCHE ZENTRUM beh\u00e4lt sich das Recht vor, ohne Vorank\u00fcndigung \u00c4nderungen an seiner Website vorzunehmen, die es f\u00fcr angemessen h\u00e4lt, und kann sowohl die Inhalte und Dienstleistungen, die \u00fcber diese angeboten werden, als auch die Art und Weise, wie sie auf der Website pr\u00e4sentiert werden, \u00e4ndern, l\u00f6schen oder hinzuf\u00fcgen.<\/p>\n\n\n\n<h2 class=\"wp-block-heading\"><strong>5. Link-Politik&nbsp;<\/strong><\/h2>\n\n\n\n<p>Die Personen oder K\u00f6rperschaften, die beabsichtigen, einen Hyperlink von einer Webseite eines anderen Internetportals auf die Webseite von DAS MEDIZINISCHE ZENTRUM zu setzen oder herzustellen, m\u00fcssen sich den folgenden Bedingungen unterwerfen:&nbsp;<\/p>\n\n\n\n<p>&#8211; Die vollst\u00e4ndige oder teilweise Reproduktion von Dienstleistungen oder Inhalten der Website ist ohne vorherige ausdr\u00fcckliche Genehmigung von DAS MEDIZINISCHE ZENTRUM nicht gestattet.&nbsp;<\/p>\n\n\n\n<p>&#8211; Ohne vorherige ausdr\u00fcckliche Genehmigung des MEDIZINISCHEN ZENTRUMS d\u00fcrfen keine Deep-Links, IMG- oder Bild-Links oder Frames mit der Website des MEDIZINISCHEN ZENTRUMS eingerichtet werden.&nbsp;<\/p>\n\n\n\n<p>&#8211; Es d\u00fcrfen keine falschen, ungenauen oder inkorrekten Angaben \u00fcber die Website DAS MEDIZINISCHE ZENTRUM oder \u00fcber die Dienstleistungen oder Inhalte derselben gemacht werden. Mit Ausnahme der Zeichen, die Teil des Hyperlinks sind, darf die Webseite, auf der er eingerichtet wird, keine Markenzeichen, Handelsnamen, Firmenzeichen, Bezeichnungen, Logos, Slogans oder andere unterscheidungskr\u00e4ftige Zeichen des DAS MEDIZINISCHE ZENTRUM enthalten, es sei denn, es liegt eine ausdr\u00fcckliche Genehmigung des Zentrums vor.&nbsp;<\/p>\n\n\n\n<p>&#8211; Die Einrichtung des Hyperlinks impliziert weder das Bestehen einer Beziehung zwischen DEM MEDIZINISCHEN ZENTRUM und dem Eigent\u00fcmer der Webseite oder des Portals, von dem aus er eingerichtet wurde, noch die Kenntnis und Akzeptanz der auf der besagten Webseite oder dem besagten Portal angebotenen Dienstleistungen und Inhalte durch DAS MEDIZINISCHE ZENTRUM.&nbsp;<\/p>\n\n\n\n<p>&#8211; DAS MEDIZINISCHE ZENTRUM \u00fcbernimmt keine Verantwortung f\u00fcr die Inhalte oder Dienstleistungen, die der \u00d6ffentlichkeit auf der Webseite oder dem Portal, von der\/dem der Hyperlink ausgeht, zur Verf\u00fcgung gestellt werden, noch f\u00fcr die dort enthaltenen Informationen und Aussagen.&nbsp;<\/p>\n\n\n\n<p>Die Website des DAS MEDIZINISCHE ZENTRUM kann dem Nutzer Verbindungen und Links zu anderen Websites zur Verf\u00fcgung stellen, die von Dritten verwaltet und kontrolliert werden. Der einzige Zweck dieser Links besteht darin, den Nutzern die Suche nach Informationen, Inhalten und Dienstleistungen im Internet zu erleichtern, und sie d\u00fcrfen unter keinen Umst\u00e4nden als Vorschlag, Empfehlung oder Aufforderung zum Besuch dieser Websites angesehen werden.&nbsp;<\/p>\n\n\n\n<p>DAS MEDIZINISCHE ZENTRUM vermarktet die Inhalte, Dienstleistungen, Informationen und Erkl\u00e4rungen, die auf den genannten Websites verf\u00fcgbar sind, nicht, leitet sie nicht, kontrolliert sie nicht und macht sie sich nicht zu eigen.&nbsp;<\/p>\n\n\n\n<p>DAS MEDIZINISCHE ZENTRUM \u00fcbernimmt keinerlei Verantwortung, auch nicht indirekt oder subsidi\u00e4r, f\u00fcr Sch\u00e4den jeglicher Art, die sich aus dem Zugang, der Wartung, der Nutzung, der Qualit\u00e4t, der Rechtm\u00e4\u00dfigkeit, der Zuverl\u00e4ssigkeit und der N\u00fctzlichkeit der Inhalte, Informationen, Mitteilungen, Meinungen, Erkl\u00e4rungen, Produkte und Dienstleistungen ergeben, die auf den nicht vom MEDIZINISCHEN ZENTRUM verwalteten Websites existieren oder angeboten werden und die \u00fcber das MEDIZINISCHE ZENTRUM zug\u00e4nglich sind.&nbsp;<\/p>\n\n\n\n<h2 class=\"wp-block-heading\"><strong>6. Recht auf Ausschluss<\/strong><\/h2>\n\n\n\n<p>DAS MEDIZINISCHE ZENTRUM beh\u00e4lt sich das Recht vor, den Zugang zum Portal und\/oder zu den angebotenen Diensten ohne Vorank\u00fcndigung zu verweigern oder zu entziehen, und zwar auf eigenes Verlangen oder auf Verlangen eines Dritten, wenn der Nutzer die vorliegenden Allgemeinen Nutzungsbedingungen nicht einh\u00e4lt.&nbsp;<\/p>\n\n\n\n<h2 class=\"wp-block-heading\"><strong>7. Allgemeines&nbsp;<\/strong><\/h2>\n\n\n\n<p>DAS MEDIZINISCHE ZENTRUM wird jeden Versto\u00df gegen die vorliegenden Bedingungen sowie jede missbr\u00e4uchliche Nutzung seiner Website mit allen zivil- und strafrechtlichen Ma\u00dfnahmen verfolgen, die ihm gesetzlich zustehen k\u00f6nnen.&nbsp;<\/p>\n\n\n\n<h2 class=\"wp-block-heading\"><strong>8. Ab\u00e4nderung der vorliegenden Bedingungen und Dauer&nbsp;<\/strong><\/h2>\n\n\n\n<p>DAS MEDIZINISCHE ZENTRUM beh\u00e4lt sich das Recht vor, die hier festgelegten Bedingungen jederzeit zu \u00e4ndern und sie in der vorliegenden Form zu ver\u00f6ffentlichen. Die G\u00fcltigkeit der vorgenannten Bedingungen h\u00e4ngt von ihrer Ver\u00f6ffentlichung ab und sie bleiben in Kraft, bis sie durch andere, ordnungsgem\u00e4\u00df ver\u00f6ffentlichte Bedingungen ge\u00e4ndert werden.&nbsp;<\/p>\n\n\n\n<h2 class=\"wp-block-heading\"><strong>9. Reklamationen und Zweifel&nbsp;<\/strong><\/h2>\n\n\n\n<p>DAS MEDIZINISCHE ZENTRUM weist darauf hin, dass den Nutzern und Kunden Beschwerdeformulare zur Verf\u00fcgung stehen, die sie per E-Mail an <a href=\"mailto:info@doctor24arenalmallorca.com\" target=\"_blank\" rel=\"noreferrer noopener nofollow\">info@doctor24arenalmallorca.com<\/a> senden k\u00f6nnen, wobei sie ihren Vor- und Nachnamen, die gekaufte Dienstleistung oder das gekaufte Produkt sowie die Gr\u00fcnde f\u00fcr ihre Beschwerde angeben m\u00fcssen.&nbsp;<\/p>\n\n\n\n<p>Sie k\u00f6nnen Ihre Beschwerde auch per Post schicken an:<\/p>\n\n\n\n<p><strong>DOCTOR 24 HOURS ARENAL MALLORCA SLP<br>Carrer Salut, 32, 07600 Llucmajor, Illes Balears.<\/strong>\u00a0<\/p>\n\n\n\n<h2 class=\"wp-block-heading\"><strong>10. Geltende Rechtsvorschriften und Gerichtsbarkeit&nbsp;<\/strong><\/h2>\n\n\n\n<p>Die Beziehung zwischen DEM MEDIZINISCHEN ZENTRUM und dem BENUTZER unterliegt der geltenden spanischen Gesetzgebung, und f\u00fcr alle Streitigkeiten sind die Gerichte der Stadt Llucmajor zust\u00e4ndig, sofern das geltende Recht nichts anderes vorsieht.<\/p>\n\n<\/div><\/div>","protected":false},"excerpt":{"rendered":"<p>1. Rechtlicher Hinweis und Nutzungsbedingungen&nbsp; 1.1 Angaben zur Identifizierung der verantwortlichen Person Der Name des Unternehmens lautet:&nbsp; &#8211; &#171;DOCTOR 24 HOURS ARENAL MALLORCA, S.L.P.&#187;, (nachstehend &#8230; <a title=\"Impressum\" class=\"read-more\" href=\"https:\/\/doctor24arenalmallorca.com\/de\/impressum\/\" aria-label=\"More on Impressum\">Read more<\/a><\/p>\n","protected":false},"author":2,"featured_media":0,"parent":0,"menu_order":0,"comment_status":"closed","ping_status":"closed","template":"","meta":{"footnotes":""},"yoast_head":"<!-- This site is optimized with the Yoast SEO plugin v22.3 - https:\/\/yoast.com\/wordpress\/plugins\/seo\/ -->\n<title>Impressum - Doctor 24 Hours Arenal Mallorca<\/title>\n<meta name=\"description\" content=\"Bei Doctor 24 Stunden Arenal Mallorca bieten wir rund um die Uhr, 7 Tage die Woche, umfassende medizinische Versorgung an. Unser medizinisches Team spricht flie\u00dfend Englisch.\" \/>\n<meta name=\"robots\" content=\"noindex, nofollow\" \/>\n<meta property=\"og:locale\" content=\"de_DE\" \/>\n<meta property=\"og:type\" content=\"article\" \/>\n<meta property=\"og:title\" content=\"Impressum - Doctor 24 Hours Arenal Mallorca\" \/>\n<meta property=\"og:description\" content=\"Bei Doctor 24 Stunden Arenal Mallorca bieten wir rund um die Uhr, 7 Tage die Woche, umfassende medizinische Versorgung an. Unser medizinisches Team spricht flie\u00dfend Englisch.\" \/>\n<meta property=\"og:url\" content=\"https:\/\/doctor24arenalmallorca.com\/de\/impressum\/\" \/>\n<meta property=\"og:site_name\" content=\"Doctor 24 Hours Arenal Mallorca\" \/>\n<meta property=\"article:modified_time\" content=\"2023-04-10T18:35:18+00:00\" \/>\n<meta name=\"twitter:card\" content=\"summary_large_image\" \/>\n<meta name=\"twitter:label1\" content=\"Gesch\u00e4tzte Lesezeit\" \/>\n\t<meta name=\"twitter:data1\" content=\"11 Minuten\" \/>\n<script type=\"application\/ld+json\" class=\"yoast-schema-graph\">{\"@context\":\"https:\/\/schema.org\",\"@graph\":[{\"@type\":\"WebPage\",\"@id\":\"https:\/\/doctor24arenalmallorca.com\/de\/impressum\/\",\"url\":\"https:\/\/doctor24arenalmallorca.com\/de\/impressum\/\",\"name\":\"Impressum - Doctor 24 Hours Arenal Mallorca\",\"isPartOf\":{\"@id\":\"https:\/\/doctor24arenalmallorca.com\/de\/#website\"},\"datePublished\":\"2021-05-30T14:08:16+00:00\",\"dateModified\":\"2023-04-10T18:35:18+00:00\",\"description\":\"Bei Doctor 24 Stunden Arenal Mallorca bieten wir rund um die Uhr, 7 Tage die Woche, umfassende medizinische Versorgung an. Unser medizinisches Team spricht flie\u00dfend Englisch.\",\"breadcrumb\":{\"@id\":\"https:\/\/doctor24arenalmallorca.com\/de\/impressum\/#breadcrumb\"},\"inLanguage\":\"de-CH\",\"potentialAction\":[{\"@type\":\"ReadAction\",\"target\":[\"https:\/\/doctor24arenalmallorca.com\/de\/impressum\/\"]}]},{\"@type\":\"BreadcrumbList\",\"@id\":\"https:\/\/doctor24arenalmallorca.com\/de\/impressum\/#breadcrumb\",\"itemListElement\":[{\"@type\":\"ListItem\",\"position\":1,\"name\":\"Portada\",\"item\":\"https:\/\/doctor24arenalmallorca.com\/de\/\"},{\"@type\":\"ListItem\",\"position\":2,\"name\":\"Impressum\"}]},{\"@type\":\"WebSite\",\"@id\":\"https:\/\/doctor24arenalmallorca.com\/de\/#website\",\"url\":\"https:\/\/doctor24arenalmallorca.com\/de\/\",\"name\":\"Doctor 24 Hours Arenal Mallorca\",\"description\":\"\",\"publisher\":{\"@id\":\"https:\/\/doctor24arenalmallorca.com\/de\/#organization\"},\"potentialAction\":[{\"@type\":\"SearchAction\",\"target\":{\"@type\":\"EntryPoint\",\"urlTemplate\":\"https:\/\/doctor24arenalmallorca.com\/de\/?s={search_term_string}\"},\"query-input\":\"required name=search_term_string\"}],\"inLanguage\":\"de-CH\"},{\"@type\":\"Organization\",\"@id\":\"https:\/\/doctor24arenalmallorca.com\/de\/#organization\",\"name\":\"Doctor 24 Hours Arenal Mallorca\",\"url\":\"https:\/\/doctor24arenalmallorca.com\/de\/\",\"logo\":{\"@type\":\"ImageObject\",\"inLanguage\":\"de-CH\",\"@id\":\"https:\/\/doctor24arenalmallorca.com\/de\/#\/schema\/logo\/image\/\",\"url\":\"https:\/\/doctor24arenalmallorca.com\/de\/wp-content\/uploads\/sites\/3\/2023\/03\/cropped-doctor-24-arenal-mallorca.png\",\"contentUrl\":\"https:\/\/doctor24arenalmallorca.com\/de\/wp-content\/uploads\/sites\/3\/2023\/03\/cropped-doctor-24-arenal-mallorca.png\",\"width\":500,\"height\":276,\"caption\":\"Doctor 24 Hours Arenal Mallorca\"},\"image\":{\"@id\":\"https:\/\/doctor24arenalmallorca.com\/de\/#\/schema\/logo\/image\/\"}}]}<\/script>\n<!-- \/ Yoast SEO plugin. -->","yoast_head_json":{"title":"Impressum - Doctor 24 Hours Arenal Mallorca","description":"Bei Doctor 24 Stunden Arenal Mallorca bieten wir rund um die Uhr, 7 Tage die Woche, umfassende medizinische Versorgung an. Unser medizinisches Team spricht flie\u00dfend Englisch.","robots":{"index":"noindex","follow":"nofollow"},"og_locale":"de_DE","og_type":"article","og_title":"Impressum - Doctor 24 Hours Arenal Mallorca","og_description":"Bei Doctor 24 Stunden Arenal Mallorca bieten wir rund um die Uhr, 7 Tage die Woche, umfassende medizinische Versorgung an. Unser medizinisches Team spricht flie\u00dfend Englisch.","og_url":"https:\/\/doctor24arenalmallorca.com\/de\/impressum\/","og_site_name":"Doctor 24 Hours Arenal Mallorca","article_modified_time":"2023-04-10T18:35:18+00:00","twitter_card":"summary_large_image","twitter_misc":{"Gesch\u00e4tzte Lesezeit":"11 Minuten"},"schema":{"@context":"https:\/\/schema.org","@graph":[{"@type":"WebPage","@id":"https:\/\/doctor24arenalmallorca.com\/de\/impressum\/","url":"https:\/\/doctor24arenalmallorca.com\/de\/impressum\/","name":"Impressum - Doctor 24 Hours Arenal Mallorca","isPartOf":{"@id":"https:\/\/doctor24arenalmallorca.com\/de\/#website"},"datePublished":"2021-05-30T14:08:16+00:00","dateModified":"2023-04-10T18:35:18+00:00","description":"Bei Doctor 24 Stunden Arenal Mallorca bieten wir rund um die Uhr, 7 Tage die Woche, umfassende medizinische Versorgung an. Unser medizinisches Team spricht flie\u00dfend Englisch.","breadcrumb":{"@id":"https:\/\/doctor24arenalmallorca.com\/de\/impressum\/#breadcrumb"},"inLanguage":"de-CH","potentialAction":[{"@type":"ReadAction","target":["https:\/\/doctor24arenalmallorca.com\/de\/impressum\/"]}]},{"@type":"BreadcrumbList","@id":"https:\/\/doctor24arenalmallorca.com\/de\/impressum\/#breadcrumb","itemListElement":[{"@type":"ListItem","position":1,"name":"Portada","item":"https:\/\/doctor24arenalmallorca.com\/de\/"},{"@type":"ListItem","position":2,"name":"Impressum"}]},{"@type":"WebSite","@id":"https:\/\/doctor24arenalmallorca.com\/de\/#website","url":"https:\/\/doctor24arenalmallorca.com\/de\/","name":"Doctor 24 Hours Arenal Mallorca","description":"","publisher":{"@id":"https:\/\/doctor24arenalmallorca.com\/de\/#organization"},"potentialAction":[{"@type":"SearchAction","target":{"@type":"EntryPoint","urlTemplate":"https:\/\/doctor24arenalmallorca.com\/de\/?s={search_term_string}"},"query-input":"required name=search_term_string"}],"inLanguage":"de-CH"},{"@type":"Organization","@id":"https:\/\/doctor24arenalmallorca.com\/de\/#organization","name":"Doctor 24 Hours Arenal Mallorca","url":"https:\/\/doctor24arenalmallorca.com\/de\/","logo":{"@type":"ImageObject","inLanguage":"de-CH","@id":"https:\/\/doctor24arenalmallorca.com\/de\/#\/schema\/logo\/image\/","url":"https:\/\/doctor24arenalmallorca.com\/de\/wp-content\/uploads\/sites\/3\/2023\/03\/cropped-doctor-24-arenal-mallorca.png","contentUrl":"https:\/\/doctor24arenalmallorca.com\/de\/wp-content\/uploads\/sites\/3\/2023\/03\/cropped-doctor-24-arenal-mallorca.png","width":500,"height":276,"caption":"Doctor 24 Hours Arenal Mallorca"},"image":{"@id":"https:\/\/doctor24arenalmallorca.com\/de\/#\/schema\/logo\/image\/"}}]}},"_links":{"self":[{"href":"https:\/\/doctor24arenalmallorca.com\/de\/wp-json\/wp\/v2\/pages\/1606"}],"collection":[{"href":"https:\/\/doctor24arenalmallorca.com\/de\/wp-json\/wp\/v2\/pages"}],"about":[{"href":"https:\/\/doctor24arenalmallorca.com\/de\/wp-json\/wp\/v2\/types\/page"}],"author":[{"embeddable":true,"href":"https:\/\/doctor24arenalmallorca.com\/de\/wp-json\/wp\/v2\/users\/2"}],"replies":[{"embeddable":true,"href":"https:\/\/doctor24arenalmallorca.com\/de\/wp-json\/wp\/v2\/comments?post=1606"}],"version-history":[{"count":8,"href":"https:\/\/doctor24arenalmallorca.com\/de\/wp-json\/wp\/v2\/pages\/1606\/revisions"}],"predecessor-version":[{"id":1821,"href":"https:\/\/doctor24arenalmallorca.com\/de\/wp-json\/wp\/v2\/pages\/1606\/revisions\/1821"}],"wp:attachment":[{"href":"https:\/\/doctor24arenalmallorca.com\/de\/wp-json\/wp\/v2\/media?parent=1606"}],"curies":[{"name":"wp","href":"https:\/\/api.w.org\/{rel}","templated":true}]}}